{"id":974,"date":"2019-10-23T13:54:21","date_gmt":"2019-10-23T11:54:21","guid":{"rendered":"http:\/\/autovonk.ch\/?page_id=974"},"modified":"2022-01-30T21:28:39","modified_gmt":"2022-01-30T20:28:39","slug":"location-de-camping-car","status":"publish","type":"page","link":"https:\/\/autovonk.ch\/fr\/location-de-camping-car\/","title":{"rendered":"Location de camping-car"},"content":{"rendered":"<div id='full_slider_1'  class='avia-fullwidth-slider main_color avia-shadow av-small-hide av-mini-hide  avia-builder-el-0  el_before_av_slideshow_full  avia-builder-el-first   container_wrap sidebar_right'  >\n<style type=\"text\/css\" data-created_by=\"avia_inline_auto\" id=\"style-css-av-18xa8j-00697b6efaced5338e85867fd467d554\">\n#top #wrap_all .avia-slideshow .av-slideshow-caption.av-18xa8j-00697b6efaced5338e85867fd467d554__0 .avia-caption-title{\nfont-size:40px;\n}\n<\/style>\n<div  class='avia-slideshow av-18xa8j-00697b6efaced5338e85867fd467d554 avia-slideshow-featured av_slideshow_full avia-fade-slider av-small-hide av-mini-hide av-slideshow-ui av-control-hidden av-no-slider-navigation av-hide-nav-arrows av-slideshow-autoplay av-loop-endless av-loop-manual-endless av-default-height-applied   avia-slideshow-1' data-slideshow-options=\"{&quot;animation&quot;:&quot;fade&quot;,&quot;autoplay&quot;:true,&quot;loop_autoplay&quot;:&quot;endless&quot;,&quot;interval&quot;:3,&quot;loop_manual&quot;:&quot;manual-endless&quot;,&quot;autoplay_stopper&quot;:false,&quot;noNavigation&quot;:true,&quot;bg_slider&quot;:false,&quot;keep_padding&quot;:false,&quot;hoverpause&quot;:false,&quot;show_slide_delay&quot;:0}\"  itemprop=\"image\" itemscope=\"itemscope\" itemtype=\"https:\/\/schema.org\/ImageObject\" ><ul class='avia-slideshow-inner ' style='padding-bottom: 33.076923076923%;'><li  class='avia-slideshow-slide av-18xa8j-00697b6efaced5338e85867fd467d554__0  av-single-slide slide-1 slide-odd'><div data-rel='slideshow-1' class='avia-slide-wrap '   ><img fetchpriority=\"high\" class=\"wp-image-982 avia-img-lazy-loading-not-982\"  src='https:\/\/autovonk.ch\/wp-content\/uploads\/2019\/09\/Etrusco_T-7400-QBC-1300x430.jpg' width='1300' height='430' title='Etrusco_T-7400-QBC' alt=''  itemprop=\"thumbnailUrl\"   \/><\/div><\/li><\/ul><\/div><\/div>\n<div id='full_slider_2'  class='avia-fullwidth-slider main_color avia-shadow av-desktop-hide av-medium-hide  avia-builder-el-1  el_after_av_slideshow_full  el_before_av_section   slider-not-first container_wrap sidebar_right'  >\n<style type=\"text\/css\" data-created_by=\"avia_inline_auto\" id=\"style-css-av-18xa8j-c4034792a182c2a9caf23c029ec27f5e\">\n#top #wrap_all .avia-slideshow .av-slideshow-caption.av-18xa8j-c4034792a182c2a9caf23c029ec27f5e__0 .avia-caption-title{\nfont-size:40px;\n}\n<\/style>\n<div  class='avia-slideshow av-18xa8j-c4034792a182c2a9caf23c029ec27f5e avia-slideshow-large av_slideshow_full avia-fade-slider av-desktop-hide av-medium-hide av-slideshow-ui av-control-hidden av-no-slider-navigation av-hide-nav-arrows av-slideshow-autoplay av-loop-endless av-loop-manual-endless av-default-height-applied   avia-slideshow-2' data-slideshow-options=\"{&quot;animation&quot;:&quot;fade&quot;,&quot;autoplay&quot;:true,&quot;loop_autoplay&quot;:&quot;endless&quot;,&quot;interval&quot;:3,&quot;loop_manual&quot;:&quot;manual-endless&quot;,&quot;autoplay_stopper&quot;:false,&quot;noNavigation&quot;:true,&quot;bg_slider&quot;:false,&quot;keep_padding&quot;:false,&quot;hoverpause&quot;:false,&quot;show_slide_delay&quot;:0}\"  itemprop=\"image\" itemscope=\"itemscope\" itemtype=\"https:\/\/schema.org\/ImageObject\" ><ul class='avia-slideshow-inner ' style='padding-bottom: 66.699029126214%;'><li  class='avia-slideshow-slide av-18xa8j-c4034792a182c2a9caf23c029ec27f5e__0  av-single-slide slide-1 slide-odd'><div data-rel='slideshow-2' class='avia-slide-wrap '   ><img fetchpriority=\"high\" class=\"wp-image-982 avia-img-lazy-loading-not-982\"  src='https:\/\/autovonk.ch\/wp-content\/uploads\/2019\/09\/Etrusco_T-7400-QBC-1030x687.jpg' width='1030' height='687' title='Etrusco_T-7400-QBC' alt=''  itemprop=\"thumbnailUrl\"  style='min-height:300px; min-width:450px; ' \/><\/div><\/li><\/ul><\/div><\/div>\n<div id='av_section_1'  class='avia-section av-k1yr4i37-44de841af2667403cbf9a15bc74eb6be main_color avia-section-default avia-no-border-styling  avia-builder-el-2  el_after_av_slideshow_full  el_before_av_textblock  avia-bg-style-scroll container_wrap sidebar_right'  ><div class='container av-section-cont-open' ><div class='template-page content  av-content-small alpha units'><div class='post-entry post-entry-type-page post-entry-974'><div class='entry-content-wrapper clearfix'>\n\n<style type=\"text\/css\" data-created_by=\"avia_inline_auto\" id=\"style-css-av-pdzj0-8506a7b1b12767f9aba057008297b4d7\">\n#top .av-special-heading.av-pdzj0-8506a7b1b12767f9aba057008297b4d7{\npadding-bottom:0;\n}\nbody .av-special-heading.av-pdzj0-8506a7b1b12767f9aba057008297b4d7 .av-special-heading-tag .heading-char{\nfont-size:25px;\n}\n.av-special-heading.av-pdzj0-8506a7b1b12767f9aba057008297b4d7 .av-subheading{\nfont-size:15px;\n}\n<\/style>\n<div  class='av-special-heading av-pdzj0-8506a7b1b12767f9aba057008297b4d7 av-special-heading-h2 blockquote modern-quote modern-centered  avia-builder-el-3  avia-builder-el-no-sibling '><h2 class='av-special-heading-tag'  itemprop=\"headline\"  >Location de camping-car<\/h2><div class='av-subheading av-subheading_below'><p>Profitez de la libert\u00e9 gr\u00e2ce \u00e0 notre s\u00e9lection de Camper.<\/p>\n<\/div><div class=\"special-heading-border\"><div class=\"special-heading-inner-border\"><\/div><\/div><\/div>\n<\/div><\/div><\/div><!-- close content main div --><\/div><\/div><div id='after_section_1'  class='main_color av_default_container_wrap container_wrap sidebar_right'  ><div class='container av-section-cont-open' ><div class='template-page content  av-content-small alpha units'><div class='post-entry post-entry-type-page post-entry-974'><div class='entry-content-wrapper clearfix'>\n<section  class='av_textblock_section av-kz1psusm-e4a04732c59ba85dca0557b1ca60745b '   itemscope=\"itemscope\" itemtype=\"https:\/\/schema.org\/CreativeWork\" ><div class='avia_textblock'  itemprop=\"text\" ><p>Pour le <span class=\"SpellE\">moment<\/span>, <span class=\"SpellE\">nous<\/span> <span class=\"SpellE\">n&rsquo;avons<\/span> <span class=\"SpellE\">pas<\/span> de camping-cars disponibles \u00e0 la <span class=\"SpellE\">location<\/span>.<\/p>\n<\/div><\/section>\n","protected":false},"excerpt":{"rendered":"","protected":false},"author":1,"featured_media":0,"parent":0,"menu_order":0,"comment_status":"closed","ping_status":"closed","template":"","meta":{"footnotes":""},"class_list":["post-974","page","type-page","status-publish","hentry"],"_links":{"self":[{"href":"https:\/\/autovonk.ch\/fr\/wp-json\/wp\/v2\/pages\/974","targetHints":{"allow":["GET"]}}],"collection":[{"href":"https:\/\/autovonk.ch\/fr\/wp-json\/wp\/v2\/pages"}],"about":[{"href":"https:\/\/autovonk.ch\/fr\/wp-json\/wp\/v2\/types\/page"}],"author":[{"embeddable":true,"href":"https:\/\/autovonk.ch\/fr\/wp-json\/wp\/v2\/users\/1"}],"replies":[{"embeddable":true,"href":"https:\/\/autovonk.ch\/fr\/wp-json\/wp\/v2\/comments?post=974"}],"version-history":[{"count":13,"href":"https:\/\/autovonk.ch\/fr\/wp-json\/wp\/v2\/pages\/974\/revisions"}],"predecessor-version":[{"id":1542,"href":"https:\/\/autovonk.ch\/fr\/wp-json\/wp\/v2\/pages\/974\/revisions\/1542"}],"wp:attachment":[{"href":"https:\/\/autovonk.ch\/fr\/wp-json\/wp\/v2\/media?parent=974"}],"curies":[{"name":"wp","href":"https:\/\/api.w.org\/{rel}","templated":true}]}}