{"id":888,"date":"2019-09-19T06:45:26","date_gmt":"2019-09-19T04:45:26","guid":{"rendered":"http:\/\/autovonk.ch\/services\/maintenance-et-reparation\/"},"modified":"2019-09-19T06:45:27","modified_gmt":"2019-09-19T04:45:27","slug":"maintenance-et-reparation","status":"publish","type":"page","link":"https:\/\/autovonk.ch\/fr\/services\/maintenance-et-reparation\/","title":{"rendered":"Maintenance et r\u00e9paration"},"content":{"rendered":"<div  class='avia-slideshow av-44jrea-d14e0937a48fc82ac5517b44cebf488f avia-slideshow-featured_large av_slideshow avia-fade-slider  avia-builder-el-0  el_before_av_one_full  avia-builder-el-first  av-slideshow-ui av-control-hidden av-no-slider-navigation av-hide-nav-arrows av-slideshow-autoplay av-loop-endless av-loop-manual-endless av-default-height-applied avia-slideshow-1' data-slideshow-options=\"{&quot;animation&quot;:&quot;fade&quot;,&quot;autoplay&quot;:true,&quot;loop_autoplay&quot;:&quot;endless&quot;,&quot;interval&quot;:5,&quot;loop_manual&quot;:&quot;manual-endless&quot;,&quot;autoplay_stopper&quot;:false,&quot;noNavigation&quot;:true,&quot;bg_slider&quot;:false,&quot;keep_padding&quot;:false,&quot;hoverpause&quot;:false,&quot;show_slide_delay&quot;:0}\"  itemprop=\"image\" itemscope=\"itemscope\" itemtype=\"https:\/\/schema.org\/ImageObject\" ><ul class='avia-slideshow-inner ' style='padding-bottom: 42%;'><li  class='avia-slideshow-slide av-44jrea-d14e0937a48fc82ac5517b44cebf488f__0  av-single-slide slide-1 slide-odd'><div data-rel='slideshow-1' class='avia-slide-wrap '   ><img fetchpriority=\"high\" class=\"wp-image-924 avia-img-lazy-loading-not-924\"  src='https:\/\/autovonk.ch\/wp-content\/uploads\/2018\/06\/Header_Engine-1.png' width='1500' height='630' title='Header_Engine' alt=''  itemprop=\"thumbnailUrl\"   \/><\/div><\/li><\/ul><\/div>\n\n<style type=\"text\/css\" data-created_by=\"avia_inline_auto\" id=\"style-css-av-3dgpjm-7c64ba7c3453f807aea67bd4b3125797\">\n#top .flex_column.av-3dgpjm-7c64ba7c3453f807aea67bd4b3125797{\nmargin-top:0px;\nmargin-bottom:0px;\n}\n.flex_column.av-3dgpjm-7c64ba7c3453f807aea67bd4b3125797{\nborder-radius:0px 0px 0px 0px;\npadding:0px 0px 0px 0px;\n}\n.responsive #top #wrap_all .flex_column.av-3dgpjm-7c64ba7c3453f807aea67bd4b3125797{\nmargin-top:0px;\nmargin-bottom:0px;\n}\n<\/style>\n<div  class='flex_column av-3dgpjm-7c64ba7c3453f807aea67bd4b3125797 av_one_full  avia-builder-el-1  el_after_av_slideshow  el_before_av_one_half  first flex_column_div av-animated-generic bottom-to-top av-zero-column-padding  '     ><p>\n<style type=\"text\/css\" data-created_by=\"avia_inline_auto\" id=\"style-css-av-jxvde0yv-9b44491ba748af0d49f64b06d30a5d27\">\n#top .av-special-heading.av-jxvde0yv-9b44491ba748af0d49f64b06d30a5d27{\npadding-bottom:0;\n}\nbody .av-special-heading.av-jxvde0yv-9b44491ba748af0d49f64b06d30a5d27 .av-special-heading-tag .heading-char{\nfont-size:25px;\n}\n.av-special-heading.av-jxvde0yv-9b44491ba748af0d49f64b06d30a5d27 .av-subheading{\nfont-size:15px;\n}\n<\/style>\n<div  class='av-special-heading av-jxvde0yv-9b44491ba748af0d49f64b06d30a5d27 av-special-heading-h2 blockquote modern-quote  avia-builder-el-2  el_before_av_hr  avia-builder-el-first '><h2 class='av-special-heading-tag'  itemprop=\"headline\"  >Maintenance et r\u00e9paration<\/h2><div class=\"special-heading-border\"><div class=\"special-heading-inner-border\"><\/div><\/div><\/div><br \/>\n\n<style type=\"text\/css\" data-created_by=\"avia_inline_auto\" id=\"style-css-av-jihdgscv-a870a8301a3255de80c2a8cfeb68504c\">\n#top .hr.hr-invisible.av-jihdgscv-a870a8301a3255de80c2a8cfeb68504c{\nheight:50px;\n}\n<\/style>\n<div  class='hr av-jihdgscv-a870a8301a3255de80c2a8cfeb68504c hr-invisible  avia-builder-el-3  el_after_av_heading  avia-builder-el-last '><span class='hr-inner '><span class=\"hr-inner-style\"><\/span><\/span><\/div><\/p><\/div>\n\n<style type=\"text\/css\" data-created_by=\"avia_inline_auto\" id=\"style-css-av-2y5xm2-669244daa2c7da7a0963d1baf921e35a\">\n#top .flex_column.av-2y5xm2-669244daa2c7da7a0963d1baf921e35a{\nmargin-top:0px;\nmargin-bottom:0px;\n}\n.flex_column.av-2y5xm2-669244daa2c7da7a0963d1baf921e35a{\nborder-radius:0px 0px 0px 0px;\npadding:0px 0px 0px 0px;\n}\n.responsive #top #wrap_all .flex_column.av-2y5xm2-669244daa2c7da7a0963d1baf921e35a{\nmargin-top:0px;\nmargin-bottom:0px;\n}\n<\/style>\n<div  class='flex_column av-2y5xm2-669244daa2c7da7a0963d1baf921e35a av_one_half  avia-builder-el-4  el_after_av_one_full  el_before_av_one_half  first flex_column_div av-animated-generic bottom-to-top av-zero-column-padding  column-top-margin'     ><section  class='av_textblock_section av-2ppxxu-2fd6a8f865d6a9602bcc02d49d246a24 '   itemscope=\"itemscope\" itemtype=\"https:\/\/schema.org\/CreativeWork\" ><div class='avia_textblock'  itemprop=\"text\" ><h3>Une valeur qui reste dans le temps<\/h3>\n<p>Un manutention pr\u00e9cis et professionnel ainsi que des r\u00e9parations effectu\u00e9es dans le strict respect des directives du fabricant sont importants non seulement pour votre s\u00e9curit\u00e9, mais \u00e9galement pour assurer le maintien de la valeur de votre v\u00e9hicule.<\/p>\n<\/div><\/section><\/div>\n<style type=\"text\/css\" data-created_by=\"avia_inline_auto\" id=\"style-css-av-2kw7b6-3ec5cf195222085ca1108b845cbcb034\">\n#top .flex_column.av-2kw7b6-3ec5cf195222085ca1108b845cbcb034{\nmargin-top:0px;\nmargin-bottom:0px;\n}\n.flex_column.av-2kw7b6-3ec5cf195222085ca1108b845cbcb034{\nborder-radius:0px 0px 0px 0px;\npadding:0px 0px 0px 0px;\n}\n.responsive #top #wrap_all .flex_column.av-2kw7b6-3ec5cf195222085ca1108b845cbcb034{\nmargin-top:0px;\nmargin-bottom:0px;\n}\n<\/style>\n<div  class='flex_column av-2kw7b6-3ec5cf195222085ca1108b845cbcb034 av_one_half  avia-builder-el-6  el_after_av_one_half  el_before_av_one_full  flex_column_div av-animated-generic bottom-to-top av-zero-column-padding  column-top-margin'     ><section  class='av_textblock_section av-2fu2ze-11e5607ac3e6ec605121d660d90f84e3 '   itemscope=\"itemscope\" itemtype=\"https:\/\/schema.org\/CreativeWork\" ><div class='avia_textblock'  itemprop=\"text\" ><h3>Un service de qualit\u00e9<\/h3>\n<p>Nos ateliers sont \u00e9quip\u00e9s d&rsquo;\u00e9quipements et d&rsquo;outils modernes et professionnels. Nous utilisons des mises \u00e0 jour constantes et pouvons compter sur un vaste programme de pi\u00e8ces de rechange.<\/p>\n<\/div><\/section><\/div>\n<style type=\"text\/css\" data-created_by=\"avia_inline_auto\" id=\"style-css-av-hog4h-0c801c9ba3c5e2364e938b55d4f1e0aa\">\n.flex_column.av-hog4h-0c801c9ba3c5e2364e938b55d4f1e0aa{\nborder-width:1px;\nborder-color:#e1e1e1;\nborder-style:solid;\nborder-radius:0px 0px 0px 0px;\npadding:20px 20px 20px 20px;\nbackground-color:#fcfcfc;\n}\n<\/style>\n<div  class='flex_column av-hog4h-0c801c9ba3c5e2364e938b55d4f1e0aa av_one_full  avia-builder-el-8  el_after_av_one_half  avia-builder-el-last  first flex_column_div av-animated-generic bottom-to-top  column-top-margin'     ><style type=\"text\/css\" data-created_by=\"avia_inline_auto\" id=\"style-css-av-jiipq4k6-7c74dda7ae7830227c46d7558cb3852c\">\n.iconbox.av-jiipq4k6-7c74dda7ae7830227c46d7558cb3852c .iconbox_icon{\nbackground-color:#001e76;\nborder:1px solid #001e76;\ncolor:#ffffff;\n}\n.iconbox.av-jiipq4k6-7c74dda7ae7830227c46d7558cb3852c .iconbox_content_container{\ncolor:#a2a2a2;\n}\n<\/style>\n<article  class='iconbox iconbox_left_content av-jiipq4k6-7c74dda7ae7830227c46d7558cb3852c  avia-builder-el-9  avia-builder-el-no-sibling '  itemscope=\"itemscope\" itemtype=\"https:\/\/schema.org\/CreativeWork\" ><a href='http:\/\/autovonk.ch\/fr\/contatto\/' title='Contact'  class=\"iconbox_icon heading-color\" aria-hidden='true' data-av_icon='' data-av_iconfont='entypo-fontello'><\/a><div class=\"iconbox_content\"><header class=\"entry-content-header\"><h3 class='iconbox_content_title '  itemprop=\"headline\" >Contact<\/h3><\/header><div class='iconbox_content_container av_inherit_color'  itemprop=\"text\" ><p>Contactez-nous maintenant pour plus d&rsquo;informations sur notre service de maintenance et de r\u00e9paration.<\/p>\n<\/div><\/div><footer class=\"entry-footer\"><\/footer><\/article><\/div><\/p>\n","protected":false},"excerpt":{"rendered":"","protected":false},"author":1,"featured_media":0,"parent":865,"menu_order":0,"comment_status":"closed","ping_status":"closed","template":"","meta":{"footnotes":""},"class_list":["post-888","page","type-page","status-publish","hentry"],"_links":{"self":[{"href":"https:\/\/autovonk.ch\/fr\/wp-json\/wp\/v2\/pages\/888","targetHints":{"allow":["GET"]}}],"collection":[{"href":"https:\/\/autovonk.ch\/fr\/wp-json\/wp\/v2\/pages"}],"about":[{"href":"https:\/\/autovonk.ch\/fr\/wp-json\/wp\/v2\/types\/page"}],"author":[{"embeddable":true,"href":"https:\/\/autovonk.ch\/fr\/wp-json\/wp\/v2\/users\/1"}],"replies":[{"embeddable":true,"href":"https:\/\/autovonk.ch\/fr\/wp-json\/wp\/v2\/comments?post=888"}],"version-history":[{"count":2,"href":"https:\/\/autovonk.ch\/fr\/wp-json\/wp\/v2\/pages\/888\/revisions"}],"predecessor-version":[{"id":896,"href":"https:\/\/autovonk.ch\/fr\/wp-json\/wp\/v2\/pages\/888\/revisions\/896"}],"up":[{"embeddable":true,"href":"https:\/\/autovonk.ch\/fr\/wp-json\/wp\/v2\/pages\/865"}],"wp:attachment":[{"href":"https:\/\/autovonk.ch\/fr\/wp-json\/wp\/v2\/media?parent=888"}],"curies":[{"name":"wp","href":"https:\/\/api.w.org\/{rel}","templated":true}]}}