{"id":879,"date":"2019-09-19T06:43:47","date_gmt":"2019-09-19T04:43:47","guid":{"rendered":"http:\/\/autovonk.ch\/services\/showroom\/"},"modified":"2019-09-19T06:43:48","modified_gmt":"2019-09-19T04:43:48","slug":"showroom","status":"publish","type":"page","link":"https:\/\/autovonk.ch\/fr\/services\/showroom\/","title":{"rendered":"Showroom"},"content":{"rendered":"<div  class='avia-slideshow av-3zs6oh-d0171f61f4c1d9397e7d3d04f81a2329 avia-slideshow-featured_large av_slideshow avia-fade-slider  avia-builder-el-0  el_before_av_one_full  avia-builder-el-first  av-slideshow-ui av-control-hidden av-no-slider-navigation av-hide-nav-arrows av-slideshow-autoplay av-loop-endless av-loop-manual-endless av-default-height-applied avia-slideshow-1' data-slideshow-options=\"{&quot;animation&quot;:&quot;fade&quot;,&quot;autoplay&quot;:true,&quot;loop_autoplay&quot;:&quot;endless&quot;,&quot;interval&quot;:5,&quot;loop_manual&quot;:&quot;manual-endless&quot;,&quot;autoplay_stopper&quot;:false,&quot;noNavigation&quot;:true,&quot;bg_slider&quot;:false,&quot;keep_padding&quot;:false,&quot;hoverpause&quot;:false,&quot;show_slide_delay&quot;:0}\"  itemprop=\"image\" itemscope=\"itemscope\" itemtype=\"https:\/\/schema.org\/ImageObject\" ><ul class='avia-slideshow-inner ' style='padding-bottom: 42%;'><li  class='avia-slideshow-slide av-3zs6oh-d0171f61f4c1d9397e7d3d04f81a2329__0  av-single-slide slide-1 slide-odd'><div data-rel='slideshow-1' class='avia-slide-wrap '   ><img fetchpriority=\"high\" class=\"wp-image-658 avia-img-lazy-loading-not-658\"  src='https:\/\/autovonk.ch\/wp-content\/uploads\/2019\/08\/2-concessionario-ufficiale-maserati.png' width='750' height='315' title='2-concessionario-ufficiale-maserati' alt=''  itemprop=\"thumbnailUrl\"   \/><\/div><\/li><\/ul><\/div>\n\n<style type=\"text\/css\" data-created_by=\"avia_inline_auto\" id=\"style-css-av-3h0bnt-5a9ee0694efec81819212d255c270700\">\n#top .flex_column.av-3h0bnt-5a9ee0694efec81819212d255c270700{\nmargin-top:0px;\nmargin-bottom:0px;\n}\n.flex_column.av-3h0bnt-5a9ee0694efec81819212d255c270700{\nborder-radius:0px 0px 0px 0px;\npadding:0px 0px 0px 0px;\n}\n.responsive #top #wrap_all .flex_column.av-3h0bnt-5a9ee0694efec81819212d255c270700{\nmargin-top:0px;\nmargin-bottom:0px;\n}\n<\/style>\n<div  class='flex_column av-3h0bnt-5a9ee0694efec81819212d255c270700 av_one_full  avia-builder-el-1  el_after_av_slideshow  el_before_av_hr  first flex_column_div av-animated-generic bottom-to-top av-zero-column-padding  '     ><style type=\"text\/css\" data-created_by=\"avia_inline_auto\" id=\"style-css-av-jxve2lr0-4014d3434eb3bd12a744f2b48b3b5810\">\n#top .av-special-heading.av-jxve2lr0-4014d3434eb3bd12a744f2b48b3b5810{\npadding-bottom:0;\n}\nbody .av-special-heading.av-jxve2lr0-4014d3434eb3bd12a744f2b48b3b5810 .av-special-heading-tag .heading-char{\nfont-size:25px;\n}\n.av-special-heading.av-jxve2lr0-4014d3434eb3bd12a744f2b48b3b5810 .av-subheading{\nfont-size:15px;\n}\n<\/style>\n<div  class='av-special-heading av-jxve2lr0-4014d3434eb3bd12a744f2b48b3b5810 av-special-heading-h2 blockquote modern-quote  avia-builder-el-2  avia-builder-el-no-sibling '><h2 class='av-special-heading-tag'  itemprop=\"headline\"  >Showroom<\/h2><div class=\"special-heading-border\"><div class=\"special-heading-inner-border\"><\/div><\/div><\/div><\/div>\n\n<style type=\"text\/css\" data-created_by=\"avia_inline_auto\" id=\"style-css-av-jihcbuyd-9a99124919f3856c6e67f69565d32118\">\n#top .hr.hr-invisible.av-jihcbuyd-9a99124919f3856c6e67f69565d32118{\nheight:50px;\n}\n<\/style>\n<div  class='hr av-jihcbuyd-9a99124919f3856c6e67f69565d32118 hr-invisible  avia-builder-el-3  el_after_av_one_full  el_before_av_two_third '><span class='hr-inner '><span class=\"hr-inner-style\"><\/span><\/span><\/div>\n\n<style type=\"text\/css\" data-created_by=\"avia_inline_auto\" id=\"style-css-av-2w16h5-5692e494b425c82ff8dc2abb7b1d1577\">\n#top .flex_column.av-2w16h5-5692e494b425c82ff8dc2abb7b1d1577{\nmargin-top:0px;\nmargin-bottom:0px;\n}\n.flex_column.av-2w16h5-5692e494b425c82ff8dc2abb7b1d1577{\nborder-radius:0px 0px 0px 0px;\npadding:0px 0px 0px 0px;\n}\n.responsive #top #wrap_all .flex_column.av-2w16h5-5692e494b425c82ff8dc2abb7b1d1577{\nmargin-top:0px;\nmargin-bottom:0px;\n}\n<\/style>\n<div  class='flex_column av-2w16h5-5692e494b425c82ff8dc2abb7b1d1577 av_two_third  avia-builder-el-4  el_after_av_hr  el_before_av_one_third  first flex_column_div av-animated-generic bottom-to-top av-zero-column-padding  '     ><section  class='av_textblock_section av-2rftjl-86b6063515c0cffd5df7ca9100ca741c '   itemscope=\"itemscope\" itemtype=\"https:\/\/schema.org\/CreativeWork\" ><div class='avia_textblock'  itemprop=\"text\" ><h3>Nous r\u00e9alisons vos souhaits<\/h3>\n<p><strong>Un grand bagage pour voyager avec toute la famille? Une traction int\u00e9grale pour les randonn\u00e9es en montagne et une sonorisation qui transformera chaque voyage en une exp\u00e9rience unique? Amenez vos souhaits avec vous dans notre show room.<\/strong><\/p>\n<p>Partant de vos id\u00e9es et de vos attentes, gr\u00e2ce \u00e0 notre savoir-faire, nous pourrons vous recommander le v\u00e9hicule \/ camping-car \/ caravane adapt\u00e9 \u00e0 vos besoins et qui vous procurera le plaisir de conduire. Avant la livraison, qu&rsquo;il s&rsquo;agisse d&rsquo;un v\u00e9hicule \/ camping-car \/ caravane neuf ou d&rsquo;occasion, nous examinons minutieusement chaque d\u00e9tail afin que vous puissiez toujours vous sentir serein et en s\u00e9curit\u00e9, compl\u00e9tant ainsi l&rsquo;offre avec des packages d&rsquo;assurance sp\u00e9ciaux.<\/p>\n<\/div><\/section><\/div>\n\n<style type=\"text\/css\" data-created_by=\"avia_inline_auto\" id=\"style-css-av-2w16h5-d4f3c1a8b41cbd46183994fe1b4add2a\">\n#top .flex_column.av-2w16h5-d4f3c1a8b41cbd46183994fe1b4add2a{\nmargin-top:0px;\nmargin-bottom:0px;\n}\n.flex_column.av-2w16h5-d4f3c1a8b41cbd46183994fe1b4add2a{\nborder-radius:0px 0px 0px 0px;\npadding:0px 0px 0px 0px;\n}\n.responsive #top #wrap_all .flex_column.av-2w16h5-d4f3c1a8b41cbd46183994fe1b4add2a{\nmargin-top:0px;\nmargin-bottom:0px;\n}\n<\/style>\n<div  class='flex_column av-2w16h5-d4f3c1a8b41cbd46183994fe1b4add2a av_one_third  avia-builder-el-6  el_after_av_two_third  el_before_av_one_full  flex_column_div av-animated-generic bottom-to-top av-zero-column-padding  '     ><style type=\"text\/css\" data-created_by=\"avia_inline_auto\" id=\"style-css-av-jxve66q2-f4b4f8872dd54738933f93c1319d402a\">\n.avia-image-container.av-jxve66q2-f4b4f8872dd54738933f93c1319d402a img.avia_image{\nbox-shadow:none;\n}\n.avia-image-container.av-jxve66q2-f4b4f8872dd54738933f93c1319d402a .av-image-caption-overlay-center{\ncolor:#ffffff;\n}\n<\/style>\n<div  class='avia-image-container av-jxve66q2-f4b4f8872dd54738933f93c1319d402a av-styling- avia-align-center  avia-builder-el-7  avia-builder-el-no-sibling '   itemprop=\"image\" itemscope=\"itemscope\" itemtype=\"https:\/\/schema.org\/ImageObject\" ><div class=\"avia-image-container-inner\"><div class=\"avia-image-overlay-wrap\"><img fetchpriority=\"high\" class='wp-image-881 avia-img-lazy-loading-not-881 avia_image ' src='https:\/\/autovonk.ch\/wp-content\/uploads\/2019\/07\/Showroom.png' alt='' title='Showroom'  height=\"440\" width=\"370\"  itemprop=\"thumbnailUrl\"  \/><\/div><\/div><\/div><\/div>\n\n<style type=\"text\/css\" data-created_by=\"avia_inline_auto\" id=\"style-css-av-hog4h-0c801c9ba3c5e2364e938b55d4f1e0aa\">\n.flex_column.av-hog4h-0c801c9ba3c5e2364e938b55d4f1e0aa{\nborder-width:1px;\nborder-color:#e1e1e1;\nborder-style:solid;\nborder-radius:0px 0px 0px 0px;\npadding:20px 20px 20px 20px;\nbackground-color:#fcfcfc;\n}\n<\/style>\n<div  class='flex_column av-hog4h-0c801c9ba3c5e2364e938b55d4f1e0aa av_one_full  avia-builder-el-8  el_after_av_one_third  avia-builder-el-last  first flex_column_div av-animated-generic bottom-to-top  column-top-margin'     ><style type=\"text\/css\" data-created_by=\"avia_inline_auto\" id=\"style-css-av-jiipq4k6-7c74dda7ae7830227c46d7558cb3852c\">\n.iconbox.av-jiipq4k6-7c74dda7ae7830227c46d7558cb3852c .iconbox_icon{\nbackground-color:#001e76;\nborder:1px solid #001e76;\ncolor:#ffffff;\n}\n.iconbox.av-jiipq4k6-7c74dda7ae7830227c46d7558cb3852c .iconbox_content_container{\ncolor:#a2a2a2;\n}\n<\/style>\n<article  class='iconbox iconbox_left_content av-jiipq4k6-7c74dda7ae7830227c46d7558cb3852c  avia-builder-el-9  avia-builder-el-no-sibling '  itemscope=\"itemscope\" itemtype=\"https:\/\/schema.org\/CreativeWork\" ><a href='http:\/\/autovonk.ch\/fr\/contatto\/' title='Contact'  class=\"iconbox_icon heading-color\" aria-hidden='true' data-av_icon='' data-av_iconfont='entypo-fontello'><\/a><div class=\"iconbox_content\"><header class=\"entry-content-header\"><h3 class='iconbox_content_title '  itemprop=\"headline\" >Contact<\/h3><\/header><div class='iconbox_content_container av_inherit_color'  itemprop=\"text\" ><p>Contactez-nous maintenant pour plus d&rsquo;informations sur notre showroom.<\/p>\n<\/div><\/div><footer class=\"entry-footer\"><\/footer><\/article><\/div>\n","protected":false},"excerpt":{"rendered":"","protected":false},"author":1,"featured_media":0,"parent":865,"menu_order":0,"comment_status":"closed","ping_status":"closed","template":"","meta":{"footnotes":""},"class_list":["post-879","page","type-page","status-publish","hentry"],"_links":{"self":[{"href":"https:\/\/autovonk.ch\/fr\/wp-json\/wp\/v2\/pages\/879","targetHints":{"allow":["GET"]}}],"collection":[{"href":"https:\/\/autovonk.ch\/fr\/wp-json\/wp\/v2\/pages"}],"about":[{"href":"https:\/\/autovonk.ch\/fr\/wp-json\/wp\/v2\/types\/page"}],"author":[{"embeddable":true,"href":"https:\/\/autovonk.ch\/fr\/wp-json\/wp\/v2\/users\/1"}],"replies":[{"embeddable":true,"href":"https:\/\/autovonk.ch\/fr\/wp-json\/wp\/v2\/comments?post=879"}],"version-history":[{"count":2,"href":"https:\/\/autovonk.ch\/fr\/wp-json\/wp\/v2\/pages\/879\/revisions"}],"predecessor-version":[{"id":887,"href":"https:\/\/autovonk.ch\/fr\/wp-json\/wp\/v2\/pages\/879\/revisions\/887"}],"up":[{"embeddable":true,"href":"https:\/\/autovonk.ch\/fr\/wp-json\/wp\/v2\/pages\/865"}],"wp:attachment":[{"href":"https:\/\/autovonk.ch\/fr\/wp-json\/wp\/v2\/media?parent=879"}],"curies":[{"name":"wp","href":"https:\/\/api.w.org\/{rel}","templated":true}]}}