{"id":874,"date":"2019-09-19T06:39:51","date_gmt":"2019-09-19T04:39:51","guid":{"rendered":"http:\/\/autovonk.ch\/services\/systeme-de-lavage\/"},"modified":"2019-09-19T06:39:51","modified_gmt":"2019-09-19T04:39:51","slug":"systeme-de-lavage","status":"publish","type":"page","link":"https:\/\/autovonk.ch\/fr\/services\/systeme-de-lavage\/","title":{"rendered":"Syst\u00e8me de lavage"},"content":{"rendered":"<div  class='avia-slideshow av-3zs6oh-4927782f4ca44b44180e6fd66e0ad820 avia-slideshow-featured_large av_slideshow avia-fade-slider  avia-builder-el-0  el_before_av_one_full  avia-builder-el-first  av-slideshow-ui av-control-hidden av-no-slider-navigation av-hide-nav-arrows av-slideshow-autoplay av-loop-endless av-loop-manual-endless av-default-height-applied avia-slideshow-1' data-slideshow-options=\"{&quot;animation&quot;:&quot;fade&quot;,&quot;autoplay&quot;:true,&quot;loop_autoplay&quot;:&quot;endless&quot;,&quot;interval&quot;:5,&quot;loop_manual&quot;:&quot;manual-endless&quot;,&quot;autoplay_stopper&quot;:false,&quot;noNavigation&quot;:true,&quot;bg_slider&quot;:false,&quot;keep_padding&quot;:false,&quot;hoverpause&quot;:false,&quot;show_slide_delay&quot;:0}\"  itemprop=\"image\" itemscope=\"itemscope\" itemtype=\"https:\/\/schema.org\/ImageObject\" ><ul class='avia-slideshow-inner ' style='padding-bottom: 42%;'><li  class='avia-slideshow-slide av-3zs6oh-4927782f4ca44b44180e6fd66e0ad820__0  av-single-slide slide-1 slide-odd'><div data-rel='slideshow-1' class='avia-slide-wrap '   ><img fetchpriority=\"high\" class=\"wp-image-811 avia-img-lazy-loading-not-811\"  src='https:\/\/autovonk.ch\/wp-content\/uploads\/2019\/07\/clement-m-Ng3xrviPrhk-unsplash-1500x630.jpg' width='1500' height='630' title='clement-m-Ng3xrviPrhk-unsplash' alt=''  itemprop=\"thumbnailUrl\"   \/><\/div><\/li><\/ul><\/div>\n\n<style type=\"text\/css\" data-created_by=\"avia_inline_auto\" id=\"style-css-av-3h0bnt-5a9ee0694efec81819212d255c270700\">\n#top .flex_column.av-3h0bnt-5a9ee0694efec81819212d255c270700{\nmargin-top:0px;\nmargin-bottom:0px;\n}\n.flex_column.av-3h0bnt-5a9ee0694efec81819212d255c270700{\nborder-radius:0px 0px 0px 0px;\npadding:0px 0px 0px 0px;\n}\n.responsive #top #wrap_all .flex_column.av-3h0bnt-5a9ee0694efec81819212d255c270700{\nmargin-top:0px;\nmargin-bottom:0px;\n}\n<\/style>\n<div  class='flex_column av-3h0bnt-5a9ee0694efec81819212d255c270700 av_one_full  avia-builder-el-1  el_after_av_slideshow  el_before_av_two_third  first flex_column_div av-animated-generic bottom-to-top av-zero-column-padding  '     ><p>\n<style type=\"text\/css\" data-created_by=\"avia_inline_auto\" id=\"style-css-av-8h6du-66009da73de67bf750e2602043db5d6b\">\n#top .av-special-heading.av-8h6du-66009da73de67bf750e2602043db5d6b{\npadding-bottom:0;\n}\nbody .av-special-heading.av-8h6du-66009da73de67bf750e2602043db5d6b .av-special-heading-tag .heading-char{\nfont-size:25px;\n}\n.av-special-heading.av-8h6du-66009da73de67bf750e2602043db5d6b .av-subheading{\nfont-size:15px;\n}\n<\/style>\n<div  class='av-special-heading av-8h6du-66009da73de67bf750e2602043db5d6b av-special-heading-h2 blockquote modern-quote  avia-builder-el-2  el_before_av_hr  avia-builder-el-first '><h2 class='av-special-heading-tag'  itemprop=\"headline\"  >Syst\u00e8me de lavage<\/h2><div class=\"special-heading-border\"><div class=\"special-heading-inner-border\"><\/div><\/div><\/div><br \/>\n\n<style type=\"text\/css\" data-created_by=\"avia_inline_auto\" id=\"style-css-av-jiiprp5w-11e10ef1d04802b58373ae7f198777e7\">\n#top .hr.hr-invisible.av-jiiprp5w-11e10ef1d04802b58373ae7f198777e7{\nheight:50px;\n}\n<\/style>\n<div  class='hr av-jiiprp5w-11e10ef1d04802b58373ae7f198777e7 hr-invisible  avia-builder-el-3  el_after_av_heading  avia-builder-el-last '><span class='hr-inner '><span class=\"hr-inner-style\"><\/span><\/span><\/div><\/p><\/div>\n\n<style type=\"text\/css\" data-created_by=\"avia_inline_auto\" id=\"style-css-av-3h0bnt-5a9ee0694efec81819212d255c270700\">\n#top .flex_column.av-3h0bnt-5a9ee0694efec81819212d255c270700{\nmargin-top:0px;\nmargin-bottom:0px;\n}\n.flex_column.av-3h0bnt-5a9ee0694efec81819212d255c270700{\nborder-radius:0px 0px 0px 0px;\npadding:0px 0px 0px 0px;\n}\n.responsive #top #wrap_all .flex_column.av-3h0bnt-5a9ee0694efec81819212d255c270700{\nmargin-top:0px;\nmargin-bottom:0px;\n}\n<\/style>\n<div  class='flex_column av-3h0bnt-5a9ee0694efec81819212d255c270700 av_two_third  avia-builder-el-4  el_after_av_one_full  el_before_av_one_third  first flex_column_div av-animated-generic bottom-to-top av-zero-column-padding  column-top-margin'     ><section  class='av_textblock_section av-jxvdm9pq-8314139fb52955431883b27ae6092766 '   itemscope=\"itemscope\" itemtype=\"https:\/\/schema.org\/CreativeWork\" ><div class='avia_textblock'  itemprop=\"text\" ><h3>Seulement le meilleur pour votre voiture<\/h3>\n<p><strong>Laissez que notre syst\u00e8me de lavage, moderne et d\u00e9licat, se prendre soin de votre v\u00e9hicule r\u00e9guli\u00e8rement. Votre voiture conservera sa valeur plus longtemps.<\/strong><\/p>\n<p>En automne et en hiver, la salet\u00e9, le sel antigel et la neige qui fond endommagent particuli\u00e8rement votre v\u00e9hicule.<\/p>\n<p>Avec Auto Vonk, vous pouvez r\u00e9duire les risques de dommages co\u00fbteux sur la peinture et \u00e9viter l&rsquo;apparition de rouille. Un large \u00e9ventail de programmes sp\u00e9cialis\u00e9s garantit la satisfaction de vos besoins, ainsi que des soins saisonniers ad\u00e9quats pour votre voiture.<\/p>\n<\/div><\/section><\/div>\n<style type=\"text\/css\" data-created_by=\"avia_inline_auto\" id=\"style-css-av-3h0bnt-1f3fa6a6b5c8b844068df630ca6a2a07\">\n#top .flex_column.av-3h0bnt-1f3fa6a6b5c8b844068df630ca6a2a07{\nmargin-top:0px;\nmargin-bottom:0px;\n}\n.flex_column.av-3h0bnt-1f3fa6a6b5c8b844068df630ca6a2a07{\nborder-radius:0px 0px 0px 0px;\npadding:0px 0px 0px 0px;\n}\n.responsive #top #wrap_all .flex_column.av-3h0bnt-1f3fa6a6b5c8b844068df630ca6a2a07{\nmargin-top:0px;\nmargin-bottom:0px;\n}\n<\/style>\n<div  class='flex_column av-3h0bnt-1f3fa6a6b5c8b844068df630ca6a2a07 av_one_third  avia-builder-el-6  el_after_av_two_third  el_before_av_one_full  flex_column_div av-animated-generic bottom-to-top av-zero-column-padding  column-top-margin'     ><style type=\"text\/css\" data-created_by=\"avia_inline_auto\" id=\"style-css-av-jxvdw4o1-acdcff70e655bf75a0a2369ff3f098da\">\n.avia-image-container.av-jxvdw4o1-acdcff70e655bf75a0a2369ff3f098da img.avia_image{\nbox-shadow:none;\n}\n.avia-image-container.av-jxvdw4o1-acdcff70e655bf75a0a2369ff3f098da .av-image-caption-overlay-center{\ncolor:#ffffff;\n}\n<\/style>\n<div  class='avia-image-container av-jxvdw4o1-acdcff70e655bf75a0a2369ff3f098da av-styling- avia-align-center  avia-builder-el-7  avia-builder-el-no-sibling '   itemprop=\"image\" itemscope=\"itemscope\" itemtype=\"https:\/\/schema.org\/ImageObject\" ><div class=\"avia-image-container-inner\"><div class=\"avia-image-overlay-wrap\"><img fetchpriority=\"high\" class='wp-image-810 avia-img-lazy-loading-not-810 avia_image ' src='https:\/\/autovonk.ch\/wp-content\/uploads\/2019\/07\/3-autolavaggio.jpg' alt='' title='3-autolavaggio'  height=\"440\" width=\"370\"  itemprop=\"thumbnailUrl\"  \/><\/div><\/div><\/div><\/div><\/p>\n\n<style type=\"text\/css\" data-created_by=\"avia_inline_auto\" id=\"style-css-av-hog4h-0c801c9ba3c5e2364e938b55d4f1e0aa\">\n.flex_column.av-hog4h-0c801c9ba3c5e2364e938b55d4f1e0aa{\nborder-width:1px;\nborder-color:#e1e1e1;\nborder-style:solid;\nborder-radius:0px 0px 0px 0px;\npadding:20px 20px 20px 20px;\nbackground-color:#fcfcfc;\n}\n<\/style>\n<div  class='flex_column av-hog4h-0c801c9ba3c5e2364e938b55d4f1e0aa av_one_full  avia-builder-el-8  el_after_av_one_third  avia-builder-el-last  first flex_column_div av-animated-generic bottom-to-top  column-top-margin'     ><style type=\"text\/css\" data-created_by=\"avia_inline_auto\" id=\"style-css-av-jiipq4k6-82e0cba749120e62b10059e44613e0c0\">\n.iconbox.av-jiipq4k6-82e0cba749120e62b10059e44613e0c0 .iconbox_icon{\nbackground-color:#001e76;\nborder:1px solid #001e76;\ncolor:#ffffff;\n}\n.iconbox.av-jiipq4k6-82e0cba749120e62b10059e44613e0c0 .iconbox_content_container{\ncolor:#a2a2a2;\n}\n<\/style>\n<article  class='iconbox iconbox_left_content av-jiipq4k6-82e0cba749120e62b10059e44613e0c0  avia-builder-el-9  avia-builder-el-no-sibling '  itemscope=\"itemscope\" itemtype=\"https:\/\/schema.org\/CreativeWork\" ><div class=\"iconbox_icon heading-color\" aria-hidden='true' data-av_icon='' data-av_iconfont='entypo-fontello'><\/div><div class=\"iconbox_content\"><header class=\"entry-content-header\"><h3 class='iconbox_content_title '  itemprop=\"headline\" ><a href='http:\/\/autovonk.ch\/fr\/contatto\/' title='Contact'  >Contact<\/a><\/h3><\/header><div class='iconbox_content_container av_inherit_color'  itemprop=\"text\" ><p>Contactez-nous maintenant pour plus d&rsquo;informations sur notre syst\u00e8me de lavage.<\/p>\n<\/div><\/div><footer class=\"entry-footer\"><\/footer><\/article><\/div>\n","protected":false},"excerpt":{"rendered":"","protected":false},"author":1,"featured_media":0,"parent":865,"menu_order":0,"comment_status":"closed","ping_status":"closed","template":"","meta":{"footnotes":""},"class_list":["post-874","page","type-page","status-publish","hentry"],"_links":{"self":[{"href":"https:\/\/autovonk.ch\/fr\/wp-json\/wp\/v2\/pages\/874","targetHints":{"allow":["GET"]}}],"collection":[{"href":"https:\/\/autovonk.ch\/fr\/wp-json\/wp\/v2\/pages"}],"about":[{"href":"https:\/\/autovonk.ch\/fr\/wp-json\/wp\/v2\/types\/page"}],"author":[{"embeddable":true,"href":"https:\/\/autovonk.ch\/fr\/wp-json\/wp\/v2\/users\/1"}],"replies":[{"embeddable":true,"href":"https:\/\/autovonk.ch\/fr\/wp-json\/wp\/v2\/comments?post=874"}],"version-history":[{"count":2,"href":"https:\/\/autovonk.ch\/fr\/wp-json\/wp\/v2\/pages\/874\/revisions"}],"predecessor-version":[{"id":876,"href":"https:\/\/autovonk.ch\/fr\/wp-json\/wp\/v2\/pages\/874\/revisions\/876"}],"up":[{"embeddable":true,"href":"https:\/\/autovonk.ch\/fr\/wp-json\/wp\/v2\/pages\/865"}],"wp:attachment":[{"href":"https:\/\/autovonk.ch\/fr\/wp-json\/wp\/v2\/media?parent=874"}],"curies":[{"name":"wp","href":"https:\/\/api.w.org\/{rel}","templated":true}]}}