{"id":867,"date":"2019-09-18T07:14:03","date_gmt":"2019-09-18T05:14:03","guid":{"rendered":"http:\/\/autovonk.ch\/a-propos-de-nous\/"},"modified":"2024-05-09T15:55:31","modified_gmt":"2024-05-09T13:55:31","slug":"a-propos-de-nous","status":"publish","type":"page","link":"https:\/\/autovonk.ch\/fr\/a-propos-de-nous\/","title":{"rendered":"\u00c0 propos de nous"},"content":{"rendered":"<div id='full_slider_1'  class='avia-fullwidth-slider main_color avia-shadow   avia-builder-el-0  el_before_av_one_full  avia-builder-el-first   container_wrap sidebar_right'  ><div  class='avia-slideshow av-k0ytbq9k-f6f54fac76bf58010630608b50cf49e9 avia-slideshow-featured_large av_slideshow_full avia-slide-slider av-slideshow-ui av-control-default av-slideshow-manual av-loop-once av-loop-manual-endless av-default-height-applied   avia-slideshow-1' data-slideshow-options=\"{&quot;animation&quot;:&quot;slide&quot;,&quot;autoplay&quot;:false,&quot;loop_autoplay&quot;:&quot;once&quot;,&quot;interval&quot;:5,&quot;loop_manual&quot;:&quot;manual-endless&quot;,&quot;autoplay_stopper&quot;:false,&quot;noNavigation&quot;:false,&quot;bg_slider&quot;:false,&quot;keep_padding&quot;:false,&quot;hoverpause&quot;:false,&quot;show_slide_delay&quot;:0}\"  itemprop=\"image\" itemscope=\"itemscope\" itemtype=\"https:\/\/schema.org\/ImageObject\" ><ul class='avia-slideshow-inner ' style='padding-bottom: 42%;'><li  class='avia-slideshow-slide av-k0ytbq9k-f6f54fac76bf58010630608b50cf49e9__0  av-single-slide slide-1 slide-odd'><div data-rel='slideshow-1' class='avia-slide-wrap '   ><img fetchpriority=\"high\" class=\"wp-image-1357 avia-img-lazy-loading-not-1357\"  src='https:\/\/autovonk.ch\/wp-content\/uploads\/2021\/04\/AutoVonk_2021-1500x630.jpg' width='1500' height='630' title='AutoVonk_2021' alt=''  itemprop=\"thumbnailUrl\"   \/><\/div><\/li><\/ul><\/div><\/div><div id='after_full_slider_1'  class='main_color av_default_container_wrap container_wrap sidebar_right'  ><div class='container av-section-cont-open' ><div class='template-page content  av-content-small alpha units'><div class='post-entry post-entry-type-page post-entry-867'><div class='entry-content-wrapper clearfix'>\n\n<style type=\"text\/css\" data-created_by=\"avia_inline_auto\" id=\"style-css-av-3h0bnt-5a9ee0694efec81819212d255c270700\">\n#top .flex_column.av-3h0bnt-5a9ee0694efec81819212d255c270700{\nmargin-top:0px;\nmargin-bottom:0px;\n}\n.flex_column.av-3h0bnt-5a9ee0694efec81819212d255c270700{\nborder-radius:0px 0px 0px 0px;\npadding:0px 0px 0px 0px;\n}\n.responsive #top #wrap_all .flex_column.av-3h0bnt-5a9ee0694efec81819212d255c270700{\nmargin-top:0px;\nmargin-bottom:0px;\n}\n<\/style>\n<div  class='flex_column av-3h0bnt-5a9ee0694efec81819212d255c270700 av_one_full  avia-builder-el-1  el_after_av_slideshow_full  el_before_av_one_full  avia-builder-el-first  first flex_column_div av-animated-generic bottom-to-top av-zero-column-padding  '     ><style type=\"text\/css\" data-created_by=\"avia_inline_auto\" id=\"style-css-av-jxvcy2tl-90d9cf6e029261ce8d2bb754c53dc715\">\n#top .av-special-heading.av-jxvcy2tl-90d9cf6e029261ce8d2bb754c53dc715{\npadding-bottom:0;\n}\nbody .av-special-heading.av-jxvcy2tl-90d9cf6e029261ce8d2bb754c53dc715 .av-special-heading-tag .heading-char{\nfont-size:25px;\n}\n.av-special-heading.av-jxvcy2tl-90d9cf6e029261ce8d2bb754c53dc715 .av-subheading{\nfont-size:15px;\n}\n<\/style>\n<div  class='av-special-heading av-jxvcy2tl-90d9cf6e029261ce8d2bb754c53dc715 av-special-heading-h2 blockquote modern-quote  avia-builder-el-2  avia-builder-el-no-sibling '><h2 class='av-special-heading-tag'  itemprop=\"headline\"  >\u00c0 propos de nous<\/h2><div class=\"special-heading-border\"><div class=\"special-heading-inner-border\"><\/div><\/div><\/div><\/div>\n\n<style type=\"text\/css\" data-created_by=\"avia_inline_auto\" id=\"style-css-av-hog4h-0c801c9ba3c5e2364e938b55d4f1e0aa\">\n.flex_column.av-hog4h-0c801c9ba3c5e2364e938b55d4f1e0aa{\nborder-width:1px;\nborder-color:#e1e1e1;\nborder-style:solid;\nborder-radius:0px 0px 0px 0px;\npadding:20px 20px 20px 20px;\nbackground-color:#fcfcfc;\n}\n<\/style>\n<div  class='flex_column av-hog4h-0c801c9ba3c5e2364e938b55d4f1e0aa av_one_full  avia-builder-el-3  el_after_av_one_full  el_before_av_hr  first flex_column_div av-animated-generic bottom-to-top  column-top-margin'     ><section  class='av_textblock_section av-buxop-57bb11bd3ec14ffc831cb65d74f16e49 '   itemscope=\"itemscope\" itemtype=\"https:\/\/schema.org\/CreativeWork\" ><div class='avia_textblock'  itemprop=\"text\" ><p><em>\u00ab\u00a0Ce qui a commenc\u00e9 il y a longtemps avec un seul CV de puissance est pour moi l&rsquo;histoire d\u2019innovation et passion la plus fascinante. Et c&rsquo;est une histoire qui se poursuivra jusqu&rsquo;\u00e0 ce que, dans le monde de l&rsquo;automobile, des visionnaires continueront d&rsquo;avoir la force de concr\u00e9tiser leurs id\u00e9es. Parce que, \u00e0 chaque progr\u00e8s r\u00e9alis\u00e9, ce sont les visionnaires qui indiquent d\u00e9j\u00e0 les prochains objectifs \u00e0 atteindre.\u00a0\u00bb<\/em><\/p>\n<p><strong>Dirk Vonk, CEO Auto Vonk Sagl<\/strong><\/p>\n<\/div><\/section><\/div>\n\n<style type=\"text\/css\" data-created_by=\"avia_inline_auto\" id=\"style-css-av-jihcbuyd-9a99124919f3856c6e67f69565d32118\">\n#top .hr.hr-invisible.av-jihcbuyd-9a99124919f3856c6e67f69565d32118{\nheight:50px;\n}\n<\/style>\n<div  class='hr av-jihcbuyd-9a99124919f3856c6e67f69565d32118 hr-invisible  avia-builder-el-5  el_after_av_one_full  el_before_av_one_full '><span class='hr-inner '><span class=\"hr-inner-style\"><\/span><\/span><\/div>\n\n<style type=\"text\/css\" data-created_by=\"avia_inline_auto\" id=\"style-css-av-2w16h5-5692e494b425c82ff8dc2abb7b1d1577\">\n#top .flex_column.av-2w16h5-5692e494b425c82ff8dc2abb7b1d1577{\nmargin-top:0px;\nmargin-bottom:0px;\n}\n.flex_column.av-2w16h5-5692e494b425c82ff8dc2abb7b1d1577{\nborder-radius:0px 0px 0px 0px;\npadding:0px 0px 0px 0px;\n}\n.responsive #top #wrap_all .flex_column.av-2w16h5-5692e494b425c82ff8dc2abb7b1d1577{\nmargin-top:0px;\nmargin-bottom:0px;\n}\n<\/style>\n<div  class='flex_column av-2w16h5-5692e494b425c82ff8dc2abb7b1d1577 av_one_full  avia-builder-el-6  el_after_av_hr  avia-builder-el-last  first flex_column_div av-animated-generic bottom-to-top av-zero-column-padding  '     ><section  class='av_textblock_section av-2rftjl-218a774e607da34d278aa4c94ef6b750 '   itemscope=\"itemscope\" itemtype=\"https:\/\/schema.org\/CreativeWork\" ><div class='avia_textblock'  itemprop=\"text\" ><h3>Passion &amp; Comp\u00e9tence<\/h3>\n<p><strong>Avec passion et comp\u00e9tence, chez Auto Vonk \u00a0nous nous assurons que vous pouvez voyager sans souci. Les d\u00e9sirs et les r\u00eaves individuels nous fascinent et notre motivation est de les r\u00e9aliser. Une attitude qui nous caract\u00e9rise depuis le d\u00e9but et qui nous distingue encore de nos jours.<\/strong><\/p>\n<p>Nous proposons une large gamme de voitures, de caravanes et de camping-cars de grande qualit\u00e9, pour satisfaire tous vos besoins, en termes de prix &#8211; avec les meilleures offres &#8211; et de service. Notre objectif est de donner des \u00e9motions \u00e0 la hauteur de vos r\u00eaves gr\u00e2ce \u00e0 notre service de leasing et \u00e0 la fourniture de services sp\u00e9cialis\u00e9s.<\/p>\n<p><strong>Toute notre attention est dirig\u00e9e vers vous.<\/strong> N&rsquo;importe quand, n&rsquo;importe o\u00f9. Les clients priv\u00e9s et professionnels ont choisi de faire confiance \u00e0 Auto Vonk pour ses comp\u00e9tences techniques, son excellente qualit\u00e9 et le service qui nous distingue.<\/p>\n<p>Notre responsabilit\u00e9 \u00e9conomique, sociale et \u00e9cologique nous tient \u00e0 c\u0153ur, et en mati\u00e8re de protection de l&rsquo;environnement, pr\u00e9curseurs des technologies de mobilit\u00e9 durable.<\/p>\n<\/div><\/section><\/div>\n","protected":false},"excerpt":{"rendered":"","protected":false},"author":1,"featured_media":0,"parent":0,"menu_order":0,"comment_status":"closed","ping_status":"closed","template":"","meta":{"footnotes":""},"class_list":["post-867","page","type-page","status-publish","hentry"],"_links":{"self":[{"href":"https:\/\/autovonk.ch\/fr\/wp-json\/wp\/v2\/pages\/867","targetHints":{"allow":["GET"]}}],"collection":[{"href":"https:\/\/autovonk.ch\/fr\/wp-json\/wp\/v2\/pages"}],"about":[{"href":"https:\/\/autovonk.ch\/fr\/wp-json\/wp\/v2\/types\/page"}],"author":[{"embeddable":true,"href":"https:\/\/autovonk.ch\/fr\/wp-json\/wp\/v2\/users\/1"}],"replies":[{"embeddable":true,"href":"https:\/\/autovonk.ch\/fr\/wp-json\/wp\/v2\/comments?post=867"}],"version-history":[{"count":9,"href":"https:\/\/autovonk.ch\/fr\/wp-json\/wp\/v2\/pages\/867\/revisions"}],"predecessor-version":[{"id":1576,"href":"https:\/\/autovonk.ch\/fr\/wp-json\/wp\/v2\/pages\/867\/revisions\/1576"}],"wp:attachment":[{"href":"https:\/\/autovonk.ch\/fr\/wp-json\/wp\/v2\/media?parent=867"}],"curies":[{"name":"wp","href":"https:\/\/api.w.org\/{rel}","templated":true}]}}