{"id":755,"date":"2019-09-08T14:18:32","date_gmt":"2019-09-08T12:18:32","guid":{"rendered":"http:\/\/autovonk.ch\/uber-uns\/"},"modified":"2024-05-09T15:56:31","modified_gmt":"2024-05-09T13:56:31","slug":"uber-uns","status":"publish","type":"page","link":"https:\/\/autovonk.ch\/de\/uber-uns\/","title":{"rendered":"\u00dcber uns"},"content":{"rendered":"<div id='full_slider_1'  class='avia-fullwidth-slider main_color avia-shadow   avia-builder-el-0  el_before_av_one_full  avia-builder-el-first   container_wrap sidebar_right'  ><div  class='avia-slideshow av-k0ytbq9k-f6f54fac76bf58010630608b50cf49e9 avia-slideshow-featured_large av_slideshow_full avia-slide-slider av-slideshow-ui av-control-default av-slideshow-manual av-loop-once av-loop-manual-endless av-default-height-applied   avia-slideshow-1' data-slideshow-options=\"{&quot;animation&quot;:&quot;slide&quot;,&quot;autoplay&quot;:false,&quot;loop_autoplay&quot;:&quot;once&quot;,&quot;interval&quot;:5,&quot;loop_manual&quot;:&quot;manual-endless&quot;,&quot;autoplay_stopper&quot;:false,&quot;noNavigation&quot;:false,&quot;bg_slider&quot;:false,&quot;keep_padding&quot;:false,&quot;hoverpause&quot;:false,&quot;show_slide_delay&quot;:0}\"  itemprop=\"image\" itemscope=\"itemscope\" itemtype=\"https:\/\/schema.org\/ImageObject\" ><ul class='avia-slideshow-inner ' style='padding-bottom: 42%;'><li  class='avia-slideshow-slide av-k0ytbq9k-f6f54fac76bf58010630608b50cf49e9__0  av-single-slide slide-1 slide-odd'><div data-rel='slideshow-1' class='avia-slide-wrap '   ><img fetchpriority=\"high\" class=\"wp-image-1358 avia-img-lazy-loading-not-1358\"  src='https:\/\/autovonk.ch\/wp-content\/uploads\/2021\/04\/AutoVonk_2021-1500x630.jpg' width='1500' height='630' title='AutoVonk_2021' alt=''  itemprop=\"thumbnailUrl\"   \/><\/div><\/li><\/ul><\/div><\/div><div id='after_full_slider_1'  class='main_color av_default_container_wrap container_wrap sidebar_right'  ><div class='container av-section-cont-open' ><div class='template-page content  av-content-small alpha units'><div class='post-entry post-entry-type-page post-entry-755'><div class='entry-content-wrapper clearfix'>\n\n<style type=\"text\/css\" data-created_by=\"avia_inline_auto\" id=\"style-css-av-3h0bnt-5a9ee0694efec81819212d255c270700\">\n#top .flex_column.av-3h0bnt-5a9ee0694efec81819212d255c270700{\nmargin-top:0px;\nmargin-bottom:0px;\n}\n.flex_column.av-3h0bnt-5a9ee0694efec81819212d255c270700{\nborder-radius:0px 0px 0px 0px;\npadding:0px 0px 0px 0px;\n}\n.responsive #top #wrap_all .flex_column.av-3h0bnt-5a9ee0694efec81819212d255c270700{\nmargin-top:0px;\nmargin-bottom:0px;\n}\n<\/style>\n<div  class='flex_column av-3h0bnt-5a9ee0694efec81819212d255c270700 av_one_full  avia-builder-el-1  el_after_av_slideshow_full  el_before_av_one_full  avia-builder-el-first  first flex_column_div av-animated-generic bottom-to-top av-zero-column-padding  '     ><style type=\"text\/css\" data-created_by=\"avia_inline_auto\" id=\"style-css-av-jxvcy2tl-dee86966e9d50f010d80c658876dc84a\">\n#top .av-special-heading.av-jxvcy2tl-dee86966e9d50f010d80c658876dc84a{\npadding-bottom:0;\n}\nbody .av-special-heading.av-jxvcy2tl-dee86966e9d50f010d80c658876dc84a .av-special-heading-tag .heading-char{\nfont-size:25px;\n}\n.av-special-heading.av-jxvcy2tl-dee86966e9d50f010d80c658876dc84a .av-subheading{\nfont-size:15px;\n}\n<\/style>\n<div  class='av-special-heading av-jxvcy2tl-dee86966e9d50f010d80c658876dc84a av-special-heading-h2 blockquote modern-quote  avia-builder-el-2  avia-builder-el-no-sibling '><h2 class='av-special-heading-tag'  itemprop=\"headline\"  >\u00dcber uns<\/h2><div class=\"special-heading-border\"><div class=\"special-heading-inner-border\"><\/div><\/div><\/div><\/div>\n\n<style type=\"text\/css\" data-created_by=\"avia_inline_auto\" id=\"style-css-av-hog4h-0c801c9ba3c5e2364e938b55d4f1e0aa\">\n.flex_column.av-hog4h-0c801c9ba3c5e2364e938b55d4f1e0aa{\nborder-width:1px;\nborder-color:#e1e1e1;\nborder-style:solid;\nborder-radius:0px 0px 0px 0px;\npadding:20px 20px 20px 20px;\nbackground-color:#fcfcfc;\n}\n<\/style>\n<div  class='flex_column av-hog4h-0c801c9ba3c5e2364e938b55d4f1e0aa av_one_full  avia-builder-el-3  el_after_av_one_full  el_before_av_hr  first flex_column_div av-animated-generic bottom-to-top  column-top-margin'     ><section  class='av_textblock_section av-buxop-57bb11bd3ec14ffc831cb65d74f16e49 '   itemscope=\"itemscope\" itemtype=\"https:\/\/schema.org\/CreativeWork\" ><div class='avia_textblock'  itemprop=\"text\" ><p><em>\u201cWas vor langer Zeit mit nur einem Power-CV begann, ist f\u00fcr mich die faszinierendste Geschichte von Innovation und Leidenschaft. um ihre Ideen in die Praxis umzusetzen, denn bei jedem Fortschritt sind es die Vision\u00e4re, die bereits ihre n\u00e4chsten Ziele anstreben.\u201d<\/em><\/p>\n<p><strong>Dirk Vonk &#8211; CEO von Auto Vonk Sagl<\/strong><\/p>\n<\/div><\/section><\/div>\n\n<style type=\"text\/css\" data-created_by=\"avia_inline_auto\" id=\"style-css-av-jihcbuyd-9a99124919f3856c6e67f69565d32118\">\n#top .hr.hr-invisible.av-jihcbuyd-9a99124919f3856c6e67f69565d32118{\nheight:50px;\n}\n<\/style>\n<div  class='hr av-jihcbuyd-9a99124919f3856c6e67f69565d32118 hr-invisible  avia-builder-el-5  el_after_av_one_full  el_before_av_one_full '><span class='hr-inner '><span class=\"hr-inner-style\"><\/span><\/span><\/div>\n\n<style type=\"text\/css\" data-created_by=\"avia_inline_auto\" id=\"style-css-av-2w16h5-5692e494b425c82ff8dc2abb7b1d1577\">\n#top .flex_column.av-2w16h5-5692e494b425c82ff8dc2abb7b1d1577{\nmargin-top:0px;\nmargin-bottom:0px;\n}\n.flex_column.av-2w16h5-5692e494b425c82ff8dc2abb7b1d1577{\nborder-radius:0px 0px 0px 0px;\npadding:0px 0px 0px 0px;\n}\n.responsive #top #wrap_all .flex_column.av-2w16h5-5692e494b425c82ff8dc2abb7b1d1577{\nmargin-top:0px;\nmargin-bottom:0px;\n}\n<\/style>\n<div  class='flex_column av-2w16h5-5692e494b425c82ff8dc2abb7b1d1577 av_one_full  avia-builder-el-6  el_after_av_hr  avia-builder-el-last  first flex_column_div av-animated-generic bottom-to-top av-zero-column-padding  '     ><section  class='av_textblock_section av-2rftjl-218a774e607da34d278aa4c94ef6b750 '   itemscope=\"itemscope\" itemtype=\"https:\/\/schema.org\/CreativeWork\" ><div class='avia_textblock'  itemprop=\"text\" ><h3>Leidenschaft und Kompetenz<\/h3>\n<p><strong>Mit Leidenschaft und Kompetenz sorgen wir bei Auto Vonk daf\u00fcr, dass Sie sorglos reisen k\u00f6nnen. Individuelle W\u00fcnsche und Tr\u00e4ume faszinieren uns und unser Ansporn ist es, diese Tr\u00e4ume zu erf\u00fcllen. Von Anfang an und das zeichnet uns auch heute noch aus.<\/strong><\/p>\n<p>Wir bieten eine breite Palette hochwertiger Autos, Wohnmobile und Wohnwagen, um alle Ihre individuellen Bed\u00fcrfnisse zu befriedigen, sowohl hinsichtlich des Preises \u2013 mit den besten Angeboten \u2013 als auch in Bezug auf den Service. geben Sie Emotionen, erf\u00fcllen Sie Ihre Tr\u00e4ume dank unseres Leasing-Service und der Bereitstellung von spezialisierten Dienstleistungen. Unsere ganze Aufmerksamkeit ist auf Sie gerichtet. Immer und \u00fcberall. Privat- und Firmenkunden vertrauen auf die technische Kompetenz und den exzellenten Service, der uns auszeichnet.<\/p>\n<p>Unsere wirtschaftliche, soziale und \u00f6kologische Verantwortung liegt uns am Herzen und in Sachen Umweltschutz sind wir Vorreiter nachhaltiger Mobilit\u00e4tstechnologien.<\/p>\n<\/div><\/section><\/div>\n","protected":false},"excerpt":{"rendered":"","protected":false},"author":1,"featured_media":0,"parent":0,"menu_order":0,"comment_status":"closed","ping_status":"closed","template":"","meta":{"footnotes":""},"class_list":["post-755","page","type-page","status-publish","hentry"],"_links":{"self":[{"href":"https:\/\/autovonk.ch\/de\/wp-json\/wp\/v2\/pages\/755","targetHints":{"allow":["GET"]}}],"collection":[{"href":"https:\/\/autovonk.ch\/de\/wp-json\/wp\/v2\/pages"}],"about":[{"href":"https:\/\/autovonk.ch\/de\/wp-json\/wp\/v2\/types\/page"}],"author":[{"embeddable":true,"href":"https:\/\/autovonk.ch\/de\/wp-json\/wp\/v2\/users\/1"}],"replies":[{"embeddable":true,"href":"https:\/\/autovonk.ch\/de\/wp-json\/wp\/v2\/comments?post=755"}],"version-history":[{"count":7,"href":"https:\/\/autovonk.ch\/de\/wp-json\/wp\/v2\/pages\/755\/revisions"}],"predecessor-version":[{"id":1578,"href":"https:\/\/autovonk.ch\/de\/wp-json\/wp\/v2\/pages\/755\/revisions\/1578"}],"wp:attachment":[{"href":"https:\/\/autovonk.ch\/de\/wp-json\/wp\/v2\/media?parent=755"}],"curies":[{"name":"wp","href":"https:\/\/api.w.org\/{rel}","templated":true}]}}