{"id":671,"date":"2019-09-08T13:35:45","date_gmt":"2019-09-08T11:35:45","guid":{"rendered":"http:\/\/autovonk.ch\/home\/"},"modified":"2024-05-09T16:10:15","modified_gmt":"2024-05-09T14:10:15","slug":"home","status":"publish","type":"page","link":"https:\/\/autovonk.ch\/de\/","title":{"rendered":"Home"},"content":{"rendered":"<div id='full_slider_1'  class='avia-fullwidth-slider main_color avia-shadow av-small-hide av-mini-hide  avia-builder-el-0  el_before_av_slideshow_full  avia-builder-el-first   container_wrap sidebar_right'  >\n<style type=\"text\/css\" data-created_by=\"avia_inline_auto\" id=\"style-css-av-18xa8j-bd5ef9728d75617f91964fec8222fc55\">\n#top #wrap_all .avia-slideshow .av-slideshow-caption.av-18xa8j-bd5ef9728d75617f91964fec8222fc55__0 .avia-caption-title{\nfont-size:40px;\n}\n#top #wrap_all .avia-slideshow .av-slideshow-caption.av-18xa8j-bd5ef9728d75617f91964fec8222fc55__1 .avia-caption-title{\nfont-size:40px;\n}\n<\/style>\n<div  class='avia-slideshow av-18xa8j-bd5ef9728d75617f91964fec8222fc55 avia-slideshow-featured av_slideshow_full avia-fade-slider av-small-hide av-mini-hide av-slideshow-ui av-control-minimal av-slideshow-autoplay av-loop-endless av-loop-manual-endless av-default-height-applied   avia-slideshow-1' data-slideshow-options=\"{&quot;animation&quot;:&quot;fade&quot;,&quot;autoplay&quot;:true,&quot;loop_autoplay&quot;:&quot;endless&quot;,&quot;interval&quot;:4,&quot;loop_manual&quot;:&quot;manual-endless&quot;,&quot;autoplay_stopper&quot;:false,&quot;noNavigation&quot;:false,&quot;bg_slider&quot;:false,&quot;keep_padding&quot;:false,&quot;hoverpause&quot;:false,&quot;show_slide_delay&quot;:0}\"  itemprop=\"image\" itemscope=\"itemscope\" itemtype=\"https:\/\/schema.org\/ImageObject\" ><ul class='avia-slideshow-inner ' style='padding-bottom: 28.666666666667%;'><li  class='avia-slideshow-slide av-18xa8j-bd5ef9728d75617f91964fec8222fc55__0  slide-1 slide-odd'><div data-rel='slideshow-1' class='avia-slide-wrap '   ><div class='av-slideshow-caption av-18xa8j-bd5ef9728d75617f91964fec8222fc55__0 caption_fullwidth caption_center'><div class=\"container caption_container\"><div class=\"slideshow_caption\"><div class=\"slideshow_inner_caption\"><div class=\"slideshow_align_caption\"><h2 class='avia-caption-title '  itemprop=\"name\" >Willkommen bei Auto Vonk<\/h2><div class='avia-caption-content '  itemprop=\"description\" ><p>&#8230; Spezialisten im Bereich Autos, Wohnmobile und Caravans<\/p>\n<\/div><a href='https:\/\/autovonk.ch\/autovetture\/'  class='avia-slideshow-button avia-button avia-color-theme-color avia-multi-slideshow-button' data-duration='800' data-easing='easeInOutQuad'>Fahrzeugmarkt<\/a><a href='https:\/\/autovonk.ch\/camper\/'  class='avia-slideshow-button avia-button avia-color-light avia-multi-slideshow-button avia-slideshow-button-2' data-duration='800' data-easing='easeInOutQuad'>Wohnmobil<\/a><\/div><\/div><\/div><\/div><\/div><img fetchpriority=\"high\" class=\"wp-image-678 avia-img-lazy-loading-not-678\"  src='https:\/\/autovonk.ch\/wp-content\/uploads\/2019\/07\/Slider_1-1500x430.jpg' width='1500' height='430' title='Slider_1' alt=''  itemprop=\"thumbnailUrl\"   \/><\/div><\/li><li  class='avia-slideshow-slide av-18xa8j-bd5ef9728d75617f91964fec8222fc55__1  slide-2 slide-even'><div data-rel='slideshow-1' class='avia-slide-wrap '   ><div class='av-slideshow-caption av-18xa8j-bd5ef9728d75617f91964fec8222fc55__1 caption_fullwidth caption_center'><div class=\"container caption_container\"><div class=\"slideshow_caption\"><div class=\"slideshow_inner_caption\"><div class=\"slideshow_align_caption\"><h2 class='avia-caption-title '  itemprop=\"name\" >Wohnmobilvermietung<\/h2><div class='avia-caption-content '  itemprop=\"description\" ><p>Genie\u00dfen Sie die Freiheit dank unserer Auswahl an Wohnmobile.<\/p>\n<\/div><a href='https:\/\/autovonk.ch\/noleggio-camper\/'  class='avia-slideshow-button avia-button avia-color-theme-color ' data-duration='800' data-easing='easeInOutQuad'>Erfahren Sie mehr<\/a><\/div><\/div><\/div><\/div><\/div><img fetchpriority=\"high\" class=\"wp-image-672 avia-img-lazy-loading-not-672\"  src='https:\/\/autovonk.ch\/wp-content\/uploads\/2019\/07\/Slider_3-1500x430.jpg' width='1500' height='430' title='Slider_3' alt=''  itemprop=\"thumbnailUrl\"   \/><div class='av-section-color-overlay' style='opacity: 0.1; background-color: #000000; '><\/div><\/div><\/li><\/ul><div class='avia-slideshow-arrows avia-slideshow-controls' ><a href='#prev' class='prev-slide ' aria-hidden='true' data-av_icon='\ue87c' data-av_iconfont='entypo-fontello'  tabindex='-1'>Zur\u00fcck<\/a><a href='#next' class='next-slide ' aria-hidden='true' data-av_icon='\ue87d' data-av_iconfont='entypo-fontello'  tabindex='-1'>Weiter<\/a><\/div><div class='avia-slideshow-dots avia-slideshow-controls'><a href='#1' class='goto-slide active' >1<\/a><a href='#2' class='goto-slide ' >2<\/a><\/div><\/div><\/div>\n<div id='full_slider_2'  class='avia-fullwidth-slider main_color avia-shadow av-desktop-hide av-medium-hide  avia-builder-el-1  el_after_av_slideshow_full  el_before_av_section   slider-not-first container_wrap sidebar_right'  >\n<style type=\"text\/css\" data-created_by=\"avia_inline_auto\" id=\"style-css-av-18xa8j-2-1b80194f38ca0078ca9f6726b2fdcc36\">\n#top #wrap_all .avia-slideshow .av-slideshow-caption.av-18xa8j-2-1b80194f38ca0078ca9f6726b2fdcc36__0 .avia-caption-title{\nfont-size:40px;\n}\n#top #wrap_all .avia-slideshow .av-slideshow-caption.av-18xa8j-2-1b80194f38ca0078ca9f6726b2fdcc36__1 .avia-caption-title{\nfont-size:40px;\n}\n<\/style>\n<div  class='avia-slideshow av-18xa8j-2-1b80194f38ca0078ca9f6726b2fdcc36 avia-slideshow-large av_slideshow_full avia-fade-slider av-desktop-hide av-medium-hide av-slideshow-ui av-control-hidden av-no-slider-navigation av-hide-nav-arrows av-slideshow-autoplay av-loop-endless av-loop-manual-endless av-default-height-applied   avia-slideshow-2' data-slideshow-options=\"{&quot;animation&quot;:&quot;fade&quot;,&quot;autoplay&quot;:true,&quot;loop_autoplay&quot;:&quot;endless&quot;,&quot;interval&quot;:4,&quot;loop_manual&quot;:&quot;manual-endless&quot;,&quot;autoplay_stopper&quot;:false,&quot;noNavigation&quot;:true,&quot;bg_slider&quot;:false,&quot;keep_padding&quot;:false,&quot;hoverpause&quot;:false,&quot;show_slide_delay&quot;:0}\"  itemprop=\"image\" itemscope=\"itemscope\" itemtype=\"https:\/\/schema.org\/ImageObject\" ><ul class='avia-slideshow-inner ' style='padding-bottom: 33.300970873786%;'><li  class='avia-slideshow-slide av-18xa8j-2-1b80194f38ca0078ca9f6726b2fdcc36__0  slide-1 slide-odd'><div data-rel='slideshow-2' class='avia-slide-wrap '   ><div class='av-slideshow-caption av-18xa8j-2-1b80194f38ca0078ca9f6726b2fdcc36__0 caption_fullwidth caption_center'><div class=\"container caption_container\"><div class=\"slideshow_caption\"><div class=\"slideshow_inner_caption\"><div class=\"slideshow_align_caption\"><h2 class='avia-caption-title '  itemprop=\"name\" >Willkommen bei Auto Vonk<\/h2><div class='avia-caption-content '  itemprop=\"description\" ><p>&#8230; Spezialisten im Bereich Autos, Wohnmobile und Caravans<\/p>\n<\/div><a href='https:\/\/autovonk.ch\/autovetture\/'  class='avia-slideshow-button avia-button avia-color-theme-color avia-multi-slideshow-button' data-duration='800' data-easing='easeInOutQuad'>Fahrzeugmarkt<\/a><a href='https:\/\/autovonk.ch\/camper\/'  class='avia-slideshow-button avia-button avia-color-light avia-multi-slideshow-button avia-slideshow-button-2' data-duration='800' data-easing='easeInOutQuad'>Wohnmobil<\/a><\/div><\/div><\/div><\/div><\/div><img fetchpriority=\"high\" class=\"wp-image-678 avia-img-lazy-loading-not-678\"  src='https:\/\/autovonk.ch\/wp-content\/uploads\/2019\/07\/Slider_1-1030x343.jpg' width='1030' height='343' title='Slider_1' alt=''  itemprop=\"thumbnailUrl\"  style='min-height:300px; min-width:901px; ' \/><\/div><\/li><li  class='avia-slideshow-slide av-18xa8j-2-1b80194f38ca0078ca9f6726b2fdcc36__1  slide-2 slide-even'><div data-rel='slideshow-2' class='avia-slide-wrap '   ><div class='av-slideshow-caption av-18xa8j-2-1b80194f38ca0078ca9f6726b2fdcc36__1 caption_fullwidth caption_center'><div class=\"container caption_container\"><div class=\"slideshow_caption\"><div class=\"slideshow_inner_caption\"><div class=\"slideshow_align_caption\"><h2 class='avia-caption-title '  itemprop=\"name\" >Wohnmobilvermietung<\/h2><div class='avia-caption-content '  itemprop=\"description\" ><p>Genie\u00dfen Sie die Freiheit dank unserer Auswahl an Wohnmobile.<\/p>\n<\/div><a href='https:\/\/autovonk.ch\/noleggio-camper\/'  class='avia-slideshow-button avia-button avia-color-theme-color ' data-duration='800' data-easing='easeInOutQuad'>Erfahren Sie mehr<\/a><\/div><\/div><\/div><\/div><\/div><img fetchpriority=\"high\" class=\"wp-image-681 avia-img-lazy-loading-not-681\"  src='https:\/\/autovonk.ch\/wp-content\/uploads\/2019\/07\/csm_BgSectionProductFinder_b56a814fbf-1030x482.jpg' width='1030' height='482' title='csm_BgSectionProductFinder_b56a814fbf' alt=''  itemprop=\"thumbnailUrl\"  style='min-height:300px; min-width:642px; ' \/><div class='av-section-color-overlay' style='opacity: 0.3; background-color: #000000; '><\/div><\/div><\/li><\/ul><div class='avia-slideshow-arrows avia-slideshow-controls' ><a href='#prev' class='prev-slide ' aria-hidden='true' data-av_icon='\ue87c' data-av_iconfont='entypo-fontello'  tabindex='-1'>Zur\u00fcck<\/a><a href='#next' class='next-slide ' aria-hidden='true' data-av_icon='\ue87d' data-av_iconfont='entypo-fontello'  tabindex='-1'>Weiter<\/a><\/div><\/div><\/div>\n\n<style type=\"text\/css\" data-created_by=\"avia_inline_auto\" id=\"style-css-av-16pnc7-639017f88f9c6d4982365e8757182502\">\n.avia-section.av-16pnc7-639017f88f9c6d4982365e8757182502 .av-parallax .av-parallax-inner{\nbackground-color:#001e76;\nbackground-image:url(https:\/\/autovonk.ch\/wp-content\/uploads\/2018\/06\/Engine.png);\nbackground-repeat:no-repeat;\nbackground-position:100% 50%;\nbackground-attachment:scroll;\n}\n<\/style>\n<div id='av_section_1'  class='avia-section av-16pnc7-639017f88f9c6d4982365e8757182502 main_color avia-section-default avia-no-border-styling  avia-builder-el-2  el_after_av_slideshow_full  el_before_av_section  av-parallax-section avia-bg-style-parallax container_wrap sidebar_right'  data-section-bg-repeat='no-repeat'><div class='av-parallax' data-avia-parallax-ratio='0.3' ><div class='av-parallax-inner main_color avia-full-stretch'><\/div><\/div><div class='container av-section-cont-open' ><div class='template-page content  av-content-small alpha units'><div class='post-entry post-entry-type-page post-entry-671'><div class='entry-content-wrapper clearfix'>\n<div class='flex_column_table av-46ukj-6fb5bd6064e1ed7a737f99a817b4db9d sc-av_two_third av-equal-height-column-flextable'>\n<style type=\"text\/css\" data-created_by=\"avia_inline_auto\" id=\"style-css-av-46ukj-6fb5bd6064e1ed7a737f99a817b4db9d\">\n.flex_column.av-46ukj-6fb5bd6064e1ed7a737f99a817b4db9d{\nborder-radius:0px 0px 0px 0px;\npadding:0px 0px 0px 0px;\n}\n<\/style>\n<div  class='flex_column av-46ukj-6fb5bd6064e1ed7a737f99a817b4db9d av_two_third  avia-builder-el-3  el_before_av_one_third  avia-builder-el-first  first flex_column_table_cell av-equal-height-column av-align-middle av-animated-generic left-to-right av-zero-column-padding  '     ><style type=\"text\/css\" data-created_by=\"avia_inline_auto\" id=\"style-css-av-qtwr-9a60499927779572882a0b83e4db5480\">\n#top .av-special-heading.av-qtwr-9a60499927779572882a0b83e4db5480{\npadding-bottom:0;\ncolor:#ffffff;\nfont-size:30px;\n}\nbody .av-special-heading.av-qtwr-9a60499927779572882a0b83e4db5480 .av-special-heading-tag .heading-char{\nfont-size:25px;\n}\n#top #wrap_all .av-special-heading.av-qtwr-9a60499927779572882a0b83e4db5480 .av-special-heading-tag{\nfont-size:30px;\n}\n.av-special-heading.av-qtwr-9a60499927779572882a0b83e4db5480 .special-heading-inner-border{\nborder-color:#ffffff;\n}\n.av-special-heading.av-qtwr-9a60499927779572882a0b83e4db5480 .av-subheading{\nfont-size:15px;\n}\n\n@media only screen and (min-width: 480px) and (max-width: 767px){ \n#top #wrap_all .av-special-heading.av-qtwr-9a60499927779572882a0b83e4db5480 .av-special-heading-tag{\nfont-size:0.8em;\n}\n}\n\n@media only screen and (max-width: 479px){ \n#top #wrap_all .av-special-heading.av-qtwr-9a60499927779572882a0b83e4db5480 .av-special-heading-tag{\nfont-size:0.8em;\n}\n}\n<\/style>\n<div  class='av-special-heading av-qtwr-9a60499927779572882a0b83e4db5480 av-special-heading-h3 custom-color-heading blockquote modern-quote  avia-builder-el-4  avia-builder-el-no-sibling  av-inherit-size'><h3 class='av-special-heading-tag'  itemprop=\"headline\"  >Excellence through passion<\/h3><div class=\"special-heading-border\"><div class=\"special-heading-inner-border\"><\/div><\/div><\/div><\/div><div class='av-flex-placeholder'><\/div>\n<style type=\"text\/css\" data-created_by=\"avia_inline_auto\" id=\"style-css-av-42vz7-8863e8936479790d829971a8f1c85707\">\n.flex_column.av-42vz7-8863e8936479790d829971a8f1c85707{\nborder-radius:0px 0px 0px 0px;\npadding:0px 0px 0px 0px;\n}\n<\/style>\n<div  class='flex_column av-42vz7-8863e8936479790d829971a8f1c85707 av_one_third  avia-builder-el-5  el_after_av_two_third  avia-builder-el-last  flex_column_table_cell av-equal-height-column av-align-middle av-animated-generic right-to-left av-zero-column-padding  '     ><\/div><\/div><!--close column table wrapper. Autoclose: 1 -->\n\n<\/div><\/div><\/div><!-- close content main div --><\/div><\/div><div id='av_section_2'  class='avia-section av-13g73j-95f32f942de8bd1e6dfadd24a938346a main_color avia-section-large avia-no-border-styling  avia-builder-el-6  el_after_av_section  el_before_av_section  avia-bg-style-scroll container_wrap sidebar_right'  ><div class='container av-section-cont-open' ><div class='template-page content  av-content-small alpha units'><div class='post-entry post-entry-type-page post-entry-671'><div class='entry-content-wrapper clearfix'>\n\n<style type=\"text\/css\" data-created_by=\"avia_inline_auto\" id=\"style-css-av-16fen-a7eea73cb58c69afb4de2ddcc9b4884a\">\n#top .av-special-heading.av-16fen-a7eea73cb58c69afb4de2ddcc9b4884a{\npadding-bottom:0;\n}\nbody .av-special-heading.av-16fen-a7eea73cb58c69afb4de2ddcc9b4884a .av-special-heading-tag .heading-char{\nfont-size:25px;\n}\n.av-special-heading.av-16fen-a7eea73cb58c69afb4de2ddcc9b4884a .av-subheading{\nfont-size:15px;\n}\n<\/style>\n<div  class='av-special-heading av-16fen-a7eea73cb58c69afb4de2ddcc9b4884a av-special-heading-h2 blockquote modern-quote modern-centered  avia-builder-el-7  el_before_av_hr  avia-builder-el-first '><h2 class='av-special-heading-tag'  itemprop=\"headline\"  >WARUM AUTO VONK VERTRAUEN?<\/h2><div class=\"special-heading-border\"><div class=\"special-heading-inner-border\"><\/div><\/div><\/div>\n\n<style type=\"text\/css\" data-created_by=\"avia_inline_auto\" id=\"style-css-av-hy1nj-11d77b8e86ead4ca5ea192aa31051441\">\n#top .hr.hr-invisible.av-hy1nj-11d77b8e86ead4ca5ea192aa31051441{\nheight:50px;\n}\n<\/style>\n<div  class='hr av-hy1nj-11d77b8e86ead4ca5ea192aa31051441 hr-invisible  avia-builder-el-8  el_after_av_heading  el_before_av_one_fifth '><span class='hr-inner '><span class=\"hr-inner-style\"><\/span><\/span><\/div>\n\n<style type=\"text\/css\" data-created_by=\"avia_inline_auto\" id=\"style-css-av-2rbv3-fa35c5d4ec33579bc90e41d84214add6\">\n.flex_column.av-2rbv3-fa35c5d4ec33579bc90e41d84214add6{\nborder-radius:0px 0px 0px 0px;\npadding:0px 0px 0px 0px;\n}\n<\/style>\n<div  class='flex_column av-2rbv3-fa35c5d4ec33579bc90e41d84214add6 av_one_fifth  avia-builder-el-9  el_after_av_hr  el_before_av_three_fifth  first flex_column_div av-zero-column-padding  '     ><\/div>\n<style type=\"text\/css\" data-created_by=\"avia_inline_auto\" id=\"style-css-av-7blf-29889a4eae78b242c63e72353756629a\">\n.flex_column.av-7blf-29889a4eae78b242c63e72353756629a{\nborder-radius:0px 0px 0px 0px;\npadding:0px 0px 0px 0px;\n}\n<\/style>\n<div  class='flex_column av-7blf-29889a4eae78b242c63e72353756629a av_three_fifth  avia-builder-el-10  el_after_av_one_fifth  el_before_av_one_fifth  flex_column_div av-zero-column-padding  '     ><section  class='av_textblock_section av-ji753nw6-b9f7f561f1f6fc4b74dffd2411aa8ecc '   itemscope=\"itemscope\" itemtype=\"https:\/\/schema.org\/CreativeWork\" ><div class='avia_textblock'  itemprop=\"text\" ><p style=\"text-align: center;\"><strong>Sein Partner f\u00fcr den An- und Verkauf von Neu- und Gebrauchtwagen, Wohnmobilen und Wohnwagen.<\/strong><\/p>\n<p style=\"text-align: center;\">Mit Leidenschaft und Kompetenz sorgen wir bei Auto Vonk daf\u00fcr, dass Sie sorgenfrei reisen k\u00f6nnen.<\/p>\n<p style=\"text-align: center;\">Individuelle W\u00fcnsche und Tr\u00e4ume faszinieren uns und unser Ansporn ist es, diese Tr\u00e4ume zu erf\u00fcllen.<\/p>\n<\/div><\/section><\/div>\n<style type=\"text\/css\" data-created_by=\"avia_inline_auto\" id=\"style-css-av-1qnq3-92a17d212cbed84bfafe7e4c2bef008d\">\n.flex_column.av-1qnq3-92a17d212cbed84bfafe7e4c2bef008d{\nborder-radius:0px 0px 0px 0px;\npadding:0px 0px 0px 0px;\n}\n<\/style>\n<div  class='flex_column av-1qnq3-92a17d212cbed84bfafe7e4c2bef008d av_one_fifth  avia-builder-el-12  el_after_av_three_fifth  avia-builder-el-last  flex_column_div av-zero-column-padding  '     ><\/div>\n\n<\/div><\/div><\/div><!-- close content main div --><\/div><\/div>\n<style type=\"text\/css\" data-created_by=\"avia_inline_auto\" id=\"style-css-av-jmwgz-017553b4d1f144733799d42957fe1463\">\n.avia-section.av-jmwgz-017553b4d1f144733799d42957fe1463 .av-parallax .av-parallax-inner{\nbackground-repeat:no-repeat;\nbackground-image:url(https:\/\/autovonk.ch\/wp-content\/uploads\/2018\/06\/Engine.png);\nbackground-position:0% 0%;\nbackground-attachment:scroll;\n}\n<\/style>\n<div id='av_section_3'  class='avia-section av-jmwgz-017553b4d1f144733799d42957fe1463 alternate_color avia-section-large avia-no-border-styling  avia-builder-el-13  el_after_av_section  avia-builder-el-last  av-parallax-section avia-bg-style-parallax container_wrap sidebar_right'  data-section-bg-repeat='no-repeat'><div class='av-parallax' data-avia-parallax-ratio='0.3' ><div class='av-parallax-inner alternate_color avia-full-stretch'><\/div><\/div><div class='container av-section-cont-open' ><div class='template-page content  av-content-small alpha units'><div class='post-entry post-entry-type-page post-entry-671'><div class='entry-content-wrapper clearfix'>\n\n<style type=\"text\/css\" data-created_by=\"avia_inline_auto\" id=\"style-css-av-hr5i7-02c324eb10500932d9a9ba2ca32a9f93\">\n.flex_column.av-hr5i7-02c324eb10500932d9a9ba2ca32a9f93{\nborder-radius:0px 0px 0px 0px;\npadding:0px 0px 0px 0px;\n}\n<\/style>\n<div  class='flex_column av-hr5i7-02c324eb10500932d9a9ba2ca32a9f93 av_one_half  avia-builder-el-14  el_before_av_one_half  avia-builder-el-first  first flex_column_div av-animated-generic bottom-to-top av-zero-column-padding  '     ><style type=\"text\/css\" data-created_by=\"avia_inline_auto\" id=\"style-css-av-gtufj-5e332bab696659cfb80ed10eaca2ca9a\">\n.iconbox.av-gtufj-5e332bab696659cfb80ed10eaca2ca9a .iconbox_icon{\nbackground-color:#001e76;\nborder:1px solid #001e76;\ncolor:#ffffff;\n}\n<\/style>\n<article  class='iconbox iconbox_left_content av-gtufj-5e332bab696659cfb80ed10eaca2ca9a  avia-builder-el-15  avia-builder-el-no-sibling '  itemscope=\"itemscope\" itemtype=\"https:\/\/schema.org\/CreativeWork\" ><div class=\"iconbox_icon heading-color\" aria-hidden='true' data-av_icon='\ue80a' data-av_iconfont='entypo-fontello'><\/div><div class=\"iconbox_content\"><header class=\"entry-content-header\"><h3 class='iconbox_content_title '  itemprop=\"headline\" >Pers\u00f6nlich<\/h3><\/header><div class='iconbox_content_container '  itemprop=\"text\" ><p><strong>Unsere ganze Aufmerksamkeit ist auf Sie gerichtet. Immer und \u00fcberall.<\/strong> Privat- und Firmenkunden vertrauen auf die technische Kompetenz und Qualit\u00e4t des exzellenten Service, der uns auszeichnet.<\/p>\n<\/div><\/div><footer class=\"entry-footer\"><\/footer><\/article><\/div>\n<style type=\"text\/css\" data-created_by=\"avia_inline_auto\" id=\"style-css-av-1nxnj-441af13a21a2d20cac7bc92d3178bca2\">\n.flex_column.av-1nxnj-441af13a21a2d20cac7bc92d3178bca2{\nborder-radius:0px 0px 0px 0px;\npadding:0px 0px 0px 0px;\n}\n<\/style>\n<div  class='flex_column av-1nxnj-441af13a21a2d20cac7bc92d3178bca2 av_one_half  avia-builder-el-16  el_after_av_one_half  el_before_av_one_half  flex_column_div av-animated-generic bottom-to-top av-zero-column-padding  '     ><style type=\"text\/css\" data-created_by=\"avia_inline_auto\" id=\"style-css-av-g03lj-a9c9a50633121c1d26507c2a2c9d662e\">\n.iconbox.av-g03lj-a9c9a50633121c1d26507c2a2c9d662e .iconbox_icon{\nbackground-color:#001e76;\nborder:1px solid #001e76;\ncolor:#ffffff;\n}\n<\/style>\n<article  class='iconbox iconbox_left_content av-g03lj-a9c9a50633121c1d26507c2a2c9d662e  avia-builder-el-17  avia-builder-el-no-sibling '  itemscope=\"itemscope\" itemtype=\"https:\/\/schema.org\/CreativeWork\" ><div class=\"iconbox_icon heading-color\" aria-hidden='true' data-av_icon='\ue856' data-av_iconfont='entypo-fontello'><\/div><div class=\"iconbox_content\"><header class=\"entry-content-header\"><h3 class='iconbox_content_title '  itemprop=\"headline\" >Kompetent<\/h3><\/header><div class='iconbox_content_container '  itemprop=\"text\" ><p>Mit Leidenschaft und Kompetenz sorgen wir bei Auto <span class=\"il\">Vonk<\/span> daf\u00fcr, dass Sie sorgenfrei reisen k\u00f6nnen. Individuelle W\u00fcnsche und Tr\u00e4ume faszinieren uns und unser Ansporn ist es, diese Tr\u00e4ume zu erf\u00fcllen.<\/p>\n<\/div><\/div><footer class=\"entry-footer\"><\/footer><\/article><\/div>\n<style type=\"text\/css\" data-created_by=\"avia_inline_auto\" id=\"style-css-av-e005f-b750f6a1733ced2805da30ba576a975d\">\n.flex_column.av-e005f-b750f6a1733ced2805da30ba576a975d{\nborder-radius:0px 0px 0px 0px;\npadding:0px 0px 0px 0px;\n}\n<\/style>\n<div  class='flex_column av-e005f-b750f6a1733ced2805da30ba576a975d av_one_half  avia-builder-el-18  el_after_av_one_half  el_before_av_one_half  first flex_column_div av-animated-generic bottom-to-top av-zero-column-padding  column-top-margin'     ><style type=\"text\/css\" data-created_by=\"avia_inline_auto\" id=\"style-css-av-d7ed7-907bf9e93589b06e93a00a5e42b6aab5\">\n.iconbox.av-d7ed7-907bf9e93589b06e93a00a5e42b6aab5 .iconbox_icon{\nbackground-color:#001e76;\nborder:1px solid #001e76;\ncolor:#ffffff;\n}\n<\/style>\n<article  class='iconbox iconbox_left_content av-d7ed7-907bf9e93589b06e93a00a5e42b6aab5  avia-builder-el-19  avia-builder-el-no-sibling '  itemscope=\"itemscope\" itemtype=\"https:\/\/schema.org\/CreativeWork\" ><div class=\"iconbox_icon heading-color\" aria-hidden='true' data-av_icon='\ue8d7' data-av_iconfont='entypo-fontello'><\/div><div class=\"iconbox_content\"><header class=\"entry-content-header\"><h3 class='iconbox_content_title '  itemprop=\"headline\" >Fahrzeugmarkt<\/h3><\/header><div class='iconbox_content_container '  itemprop=\"text\" ><p>Suchen Sie nach Ihrem Traumauto, Wohnmobil und Wohnwagen bei Auto Vonk. Unsere Flotte verf\u00fcgt \u00fcber eine gro\u00dfe Auswahl an Qualit\u00e4ts- oder Gebrauchtfahrzeugen.<\/p>\n<\/div><\/div><footer class=\"entry-footer\"><\/footer><\/article><\/div>\n<style type=\"text\/css\" data-created_by=\"avia_inline_auto\" id=\"style-css-av-crgln-d37dbcfd175204655656d7ea565fdb73\">\n.flex_column.av-crgln-d37dbcfd175204655656d7ea565fdb73{\nborder-radius:0px 0px 0px 0px;\npadding:0px 0px 0px 0px;\n}\n<\/style>\n<div  class='flex_column av-crgln-d37dbcfd175204655656d7ea565fdb73 av_one_half  avia-builder-el-20  el_after_av_one_half  avia-builder-el-last  flex_column_div av-animated-generic bottom-to-top av-zero-column-padding  column-top-margin'     ><style type=\"text\/css\" data-created_by=\"avia_inline_auto\" id=\"style-css-av-c40un-fab117efa684993b9eb9fb2a7d5a784b\">\n.iconbox.av-c40un-fab117efa684993b9eb9fb2a7d5a784b .iconbox_icon{\nbackground-color:#001e76;\nborder:1px solid #001e76;\ncolor:#ffffff;\n}\n<\/style>\n<article  class='iconbox iconbox_left_content av-c40un-fab117efa684993b9eb9fb2a7d5a784b  avia-builder-el-21  avia-builder-el-no-sibling '  itemscope=\"itemscope\" itemtype=\"https:\/\/schema.org\/CreativeWork\" ><div class=\"iconbox_icon heading-color\" aria-hidden='true' data-av_icon='\ue8cd' data-av_iconfont='entypo-fontello'><\/div><div class=\"iconbox_content\"><header class=\"entry-content-header\"><h3 class='iconbox_content_title '  itemprop=\"headline\" >Autow\u00e4sche <\/h3><\/header><div class='iconbox_content_container '  itemprop=\"text\" ><p>Lassen Sie Ihr Fahrzeug regelm\u00e4\u00dfig von unserem<strong> modernen und filigranen Autowaschsystem<\/strong> Auto Vonk pflegen. Es wird Ihnen f\u00fcr sein attraktives Aussehen danken und seinen Wert l\u00e4nger behalten.<\/p>\n<\/div><\/div><footer class=\"entry-footer\"><\/footer><\/article><\/div>\n<\/div><\/div><\/div><!-- close content main div --><\/div><\/div><div id='after_section_3'  class='main_color av_default_container_wrap container_wrap sidebar_right'  ><div class='container av-section-cont-open' ><div class='template-page content  av-content-small alpha units'><div class='post-entry post-entry-type-page post-entry-671'><div class='entry-content-wrapper clearfix'>\n","protected":false},"excerpt":{"rendered":"","protected":false},"author":1,"featured_media":0,"parent":0,"menu_order":0,"comment_status":"closed","ping_status":"closed","template":"","meta":{"footnotes":""},"class_list":["post-671","page","type-page","status-publish","hentry"],"_links":{"self":[{"href":"https:\/\/autovonk.ch\/de\/wp-json\/wp\/v2\/pages\/671","targetHints":{"allow":["GET"]}}],"collection":[{"href":"https:\/\/autovonk.ch\/de\/wp-json\/wp\/v2\/pages"}],"about":[{"href":"https:\/\/autovonk.ch\/de\/wp-json\/wp\/v2\/types\/page"}],"author":[{"embeddable":true,"href":"https:\/\/autovonk.ch\/de\/wp-json\/wp\/v2\/users\/1"}],"replies":[{"embeddable":true,"href":"https:\/\/autovonk.ch\/de\/wp-json\/wp\/v2\/comments?post=671"}],"version-history":[{"count":33,"href":"https:\/\/autovonk.ch\/de\/wp-json\/wp\/v2\/pages\/671\/revisions"}],"predecessor-version":[{"id":1599,"href":"https:\/\/autovonk.ch\/de\/wp-json\/wp\/v2\/pages\/671\/revisions\/1599"}],"wp:attachment":[{"href":"https:\/\/autovonk.ch\/de\/wp-json\/wp\/v2\/media?parent=671"}],"curies":[{"name":"wp","href":"https:\/\/api.w.org\/{rel}","templated":true}]}}